{"id":299,"date":"2017-01-18T09:40:08","date_gmt":"2017-01-18T09:40:08","guid":{"rendered":"http:\/\/wiemers.de\/?page_id=299"},"modified":"2017-01-18T09:40:08","modified_gmt":"2017-01-18T09:40:08","slug":"keilnabenprofile-nach-din-5471","status":"publish","type":"page","link":"https:\/\/wiemers.de\/?page_id=299","title":{"rendered":"Keilnabenprofile nach DIN 5471"},"content":{"rendered":"<style type=\"text\/css\"><!-- .wzlframe {background-color:#ddbd89; border-top:0px; border-right:0px; border-bottom:0px; border-left:0px; } td.wzl { font-size:20px; tahoma,verdana,sans-serif; text-align:left; padding:5px; } --><\/style>\n<table class=\"wzlframe\" width=\"640\">\n<tbody>\n<tr>\n<td align=\"center\"><img loading=\"lazy\" class=\"aligncenter size-full wp-image-164\" src=\"https:\/\/wiemers.de\/wp-content\/uploads\/2016\/10\/DIN5462.bmp\" alt=\"DIN5462\" width=\"227\" height=\"226\" \/><\/td>\n<td align=\"center\">\n<p style=\"text-align: left;\">Typ:<\/p>\n<p style=\"text-align: left;\">A kein Bohrungsr\u00e4umen<br \/>\n(Ausgangsbohrung gleich Fertigma\u00df)<\/p>\n<p style=\"text-align: left;\">B kein Bohrungsr\u00e4umen<br \/>\n(Ausgangsbohrung gleich Schleifma\u00df)<\/p>\n<p style=\"text-align: left;\">C Bohrungsr\u00e4umen auf Fertigma\u00df<\/p>\n<p style=\"text-align: left;\">D Bohrungsr\u00e4umen auf Schleifma\u00df<\/p>\n<\/td>\n<\/tr>\n<\/tbody>\n<\/table>\n<table class=\"wzlframe\" width=\"640\" cellspacing=\"0\">\n<thead>\n<tr>\n<th bgcolor=\"#c0c0c0\"><span style=\"font-size: 11pt;\">Nennmass<\/span><\/th>\n<th bgcolor=\"#c0c0c0\"><span style=\"font-size: 11pt;\">b<\/span><\/th>\n<th bgcolor=\"#c0c0c0\"><span style=\"font-size: 11pt;\">Typ<\/span><\/th>\n<th bgcolor=\"#c0c0c0\"><span style=\"font-size: 11pt;\">R\u00e4uml\u00e4nge<\/span><\/th>\n<th bgcolor=\"#c0c0c0\"><span style=\"font-size: 11pt;\">Vorbohrung<\/span><\/th>\n<th bgcolor=\"#c0c0c0\"><span style=\"font-size: 11pt;\">Wkz-Nr<\/span><\/th>\n<\/tr>\n<tr bgcolor=\"#ddbd89\">\n<td>\n<div align=\"left\">4 x 13 x 17 H13<\/div>\n<\/td>\n<td>\n<div align=\"center\">4,06<\/div>\n<\/td>\n<td>\n<div align=\"center\">A<\/div>\n<\/td>\n<td>\n<div align=\"center\">12 &#8211; 30<\/div>\n<\/td>\n<td>\n<div align=\"center\">13<\/div>\n<\/td>\n<td>\n<div align=\"Left\">8\/ 2<\/div>\n<\/td>\n<\/tr>\n<tr bgcolor=\"#eeeeee\">\n<td>\n<div align=\"left\">4 x 13 x 17 H13<\/div>\n<\/td>\n<td>\n<div align=\"center\">4,07<\/div>\n<\/td>\n<td>\n<div align=\"center\">A<\/div>\n<\/td>\n<td>\n<div align=\"center\">16 &#8211; 32<\/div>\n<\/td>\n<td>\n<div align=\"center\">13<\/div>\n<\/td>\n<td>\n<div align=\"Left\">8\/ 3<\/div>\n<\/td>\n<\/tr>\n<tr bgcolor=\"#ddbd89\">\n<td>\n<div align=\"left\">4 x 13 x 17 A11<\/div>\n<\/td>\n<td>\n<div align=\"center\">4,03<\/div>\n<\/td>\n<td>\n<div align=\"center\">A<\/div>\n<\/td>\n<td>\n<div align=\"center\">24 &#8211; 60<\/div>\n<\/td>\n<td>\n<div align=\"center\">13<\/div>\n<\/td>\n<td>\n<div align=\"Left\">8\/ 1<\/div>\n<\/td>\n<\/tr>\n<tr bgcolor=\"#eeeeee\">\n<td>\n<div align=\"left\">4 x 16 x 20 H13<\/div>\n<\/td>\n<td>\n<div align=\"center\">6,03<\/div>\n<\/td>\n<td>\n<div align=\"center\">A<\/div>\n<\/td>\n<td>\n<div align=\"center\">22 &#8211; 35<\/div>\n<\/td>\n<td>\n<div align=\"center\">16<\/div>\n<\/td>\n<td>\n<div align=\"Left\">8\/ 6<\/div>\n<\/td>\n<\/tr>\n<tr bgcolor=\"#ddbd89\">\n<td>\n<div align=\"left\">4 x 17,8 D9 x 22 H13<\/div>\n<\/td>\n<td>\n<div align=\"center\">6,06<\/div>\n<\/td>\n<td>\n<div align=\"center\">B<\/div>\n<\/td>\n<td>\n<div align=\"center\">16 &#8211; 35<\/div>\n<\/td>\n<td>\n<div align=\"center\">17,8<\/div>\n<\/td>\n<td>\n<div align=\"Left\">8\/ 87<\/div>\n<\/td>\n<\/tr>\n<tr bgcolor=\"#eeeeee\">\n<td>\n<div align=\"left\">4 x 17,85 x 22 A11<\/div>\n<\/td>\n<td>\n<div align=\"center\">6,05<\/div>\n<\/td>\n<td>\n<div align=\"center\">B<\/div>\n<\/td>\n<td>\n<div align=\"center\">32 &#8211; 90<\/div>\n<\/td>\n<td>\n<div align=\"center\">17,85<\/div>\n<\/td>\n<td>\n<div align=\"Left\">8\/ 7<\/div>\n<\/td>\n<\/tr>\n<tr bgcolor=\"#ddbd89\">\n<td>\n<div align=\"left\">4 x 18 x 22 A11<\/div>\n<\/td>\n<td>\n<div align=\"center\">6,03<\/div>\n<\/td>\n<td>\n<div align=\"center\">A<\/div>\n<\/td>\n<td>\n<div align=\"center\">32 &#8211; 90<\/div>\n<\/td>\n<td>\n<div align=\"center\">18<\/div>\n<\/td>\n<td>\n<div align=\"Left\">8\/ 11<\/div>\n<\/td>\n<\/tr>\n<tr bgcolor=\"#eeeeee\">\n<td>\n<div align=\"left\">4 x 18 x 22 A11<\/div>\n<\/td>\n<td>\n<div align=\"center\">6,04<\/div>\n<\/td>\n<td>\n<div align=\"center\">A<\/div>\n<\/td>\n<td>\n<div align=\"center\">32 &#8211; 90<\/div>\n<\/td>\n<td>\n<div align=\"center\">18<\/div>\n<\/td>\n<td>\n<div align=\"Left\">8\/ 10<\/div>\n<\/td>\n<\/tr>\n<tr bgcolor=\"#ddbd89\">\n<td>\n<div align=\"left\">4 x 20,72 x 25 H13<\/div>\n<\/td>\n<td>\n<div align=\"center\">8,08<\/div>\n<\/td>\n<td>\n<div align=\"center\">B<\/div>\n<\/td>\n<td>\n<div align=\"center\">32 &#8211; 80<\/div>\n<\/td>\n<td>\n<div align=\"center\">20,72<\/div>\n<\/td>\n<td>\n<div align=\"Left\">8\/ 14<\/div>\n<\/td>\n<\/tr>\n<tr bgcolor=\"#eeeeee\">\n<td>\n<div align=\"left\">4 x 20,8 H7 x 25 H13<\/div>\n<\/td>\n<td>\n<div align=\"center\">8,07<\/div>\n<\/td>\n<td>\n<div align=\"center\">B<\/div>\n<\/td>\n<td>\n<div align=\"center\">25 &#8211; 50<\/div>\n<\/td>\n<td>\n<div align=\"center\">20,82<\/div>\n<\/td>\n<td>\n<div align=\"Left\">8\/ 82<\/div>\n<\/td>\n<\/tr>\n<tr bgcolor=\"#ddbd89\">\n<td>\n<div align=\"left\">4 x 20,8 x 25 H13<\/div>\n<\/td>\n<td>\n<div align=\"center\">8,04<\/div>\n<\/td>\n<td>\n<div align=\"center\">B<\/div>\n<\/td>\n<td>\n<div align=\"center\">22 &#8211; 56<\/div>\n<\/td>\n<td>\n<div align=\"center\">20,8<\/div>\n<\/td>\n<td>\n<div align=\"Left\">8\/ 83<\/div>\n<\/td>\n<\/tr>\n<tr bgcolor=\"#eeeeee\">\n<td>\n<div align=\"left\">4 x 20,81 x 25 H12<\/div>\n<\/td>\n<td>\n<div align=\"center\">8,08<\/div>\n<\/td>\n<td>\n<div align=\"center\">B<\/div>\n<\/td>\n<td>\n<div align=\"center\">16 &#8211; 40<\/div>\n<\/td>\n<td>\n<div align=\"center\">20,81<\/div>\n<\/td>\n<td>\n<div align=\"Left\">8\/ 38<\/div>\n<\/td>\n<\/tr>\n<tr bgcolor=\"#ddbd89\">\n<td>\n<div align=\"left\">4 x 20,84 x 25 H12<\/div>\n<\/td>\n<td>\n<div align=\"center\">8,07<\/div>\n<\/td>\n<td>\n<div align=\"center\">B<\/div>\n<\/td>\n<td>\n<div align=\"center\">10 &#8211; 25<\/div>\n<\/td>\n<td>\n<div align=\"center\">20,84<\/div>\n<\/td>\n<td>\n<div align=\"Left\">8\/ 41<\/div>\n<\/td>\n<\/tr>\n<tr bgcolor=\"#eeeeee\">\n<td>\n<div align=\"left\">4 x 20,84 x 25 H12<\/div>\n<\/td>\n<td>\n<div align=\"center\">8,07<\/div>\n<\/td>\n<td>\n<div align=\"center\">B<\/div>\n<\/td>\n<td>\n<div align=\"center\">16 &#8211; 40<\/div>\n<\/td>\n<td>\n<div align=\"center\">20,84<\/div>\n<\/td>\n<td>\n<div align=\"Left\">8\/ 39<\/div>\n<\/td>\n<\/tr>\n<tr bgcolor=\"#ddbd89\">\n<td>\n<div align=\"left\">4 x 20,85 x 25 H12<\/div>\n<\/td>\n<td>\n<div align=\"center\">8,09<\/div>\n<\/td>\n<td>\n<div align=\"center\">B<\/div>\n<\/td>\n<td>\n<div align=\"center\">10 &#8211; 25<\/div>\n<\/td>\n<td>\n<div align=\"center\">20,85<\/div>\n<\/td>\n<td>\n<div align=\"Left\">8\/ 40<\/div>\n<\/td>\n<\/tr>\n<tr bgcolor=\"#eeeeee\">\n<td>\n<div align=\"left\">4 x 20,87 x 25 H12<\/div>\n<\/td>\n<td>\n<div align=\"center\">8,04<\/div>\n<\/td>\n<td>\n<div align=\"center\">B<\/div>\n<\/td>\n<td>\n<div align=\"center\">10 &#8211; 25<\/div>\n<\/td>\n<td>\n<div align=\"center\">20,87<\/div>\n<\/td>\n<td>\n<div align=\"Left\">8\/ 42<\/div>\n<\/td>\n<\/tr>\n<tr bgcolor=\"#ddbd89\">\n<td>\n<div align=\"left\">4 x 21 x 25 H12<\/div>\n<\/td>\n<td>\n<div align=\"center\">8,04<\/div>\n<\/td>\n<td>\n<div align=\"center\">A<\/div>\n<\/td>\n<td>\n<div align=\"center\">10 &#8211; 25<\/div>\n<\/td>\n<td>\n<div align=\"center\">21<\/div>\n<\/td>\n<td>\n<div align=\"Left\">8\/ 44<\/div>\n<\/td>\n<\/tr>\n<tr bgcolor=\"#eeeeee\">\n<td>\n<div align=\"left\">4 x 21 x 25 H12<\/div>\n<\/td>\n<td>\n<div align=\"center\">8,08<\/div>\n<\/td>\n<td>\n<div align=\"center\">A<\/div>\n<\/td>\n<td>\n<div align=\"center\">16 &#8211; 40<\/div>\n<\/td>\n<td>\n<div align=\"center\">21<\/div>\n<\/td>\n<td>\n<div align=\"Left\">8\/ 45<\/div>\n<\/td>\n<\/tr>\n<tr bgcolor=\"#ddbd89\">\n<td>\n<div align=\"left\">4 x 21 x 25 H12<\/div>\n<\/td>\n<td>\n<div align=\"center\">8,08<\/div>\n<\/td>\n<td>\n<div align=\"center\">A<\/div>\n<\/td>\n<td>\n<div align=\"center\">16 &#8211; 40<\/div>\n<\/td>\n<td>\n<div align=\"center\">21<\/div>\n<\/td>\n<td>\n<div align=\"Left\">8\/ 74<\/div>\n<\/td>\n<\/tr>\n<tr bgcolor=\"#eeeeee\">\n<td>\n<div align=\"left\">4 x 21 x 25 H11<\/div>\n<\/td>\n<td>\n<div align=\"center\">8,07<\/div>\n<\/td>\n<td>\n<div align=\"center\">A<\/div>\n<\/td>\n<td>\n<div align=\"center\">24 &#8211; 60<\/div>\n<\/td>\n<td>\n<div align=\"center\">21<\/div>\n<\/td>\n<td>\n<div align=\"Left\">8\/ 88<\/div>\n<\/td>\n<\/tr>\n<tr bgcolor=\"#ddbd89\">\n<td>\n<div align=\"left\">4 x 23,7 x 28 H13<\/div>\n<\/td>\n<td>\n<div align=\"center\">8,07<\/div>\n<\/td>\n<td>\n<div align=\"center\">B<\/div>\n<\/td>\n<td>\n<div align=\"center\">12 &#8211; 30<\/div>\n<\/td>\n<td>\n<div align=\"center\">23,7<\/div>\n<\/td>\n<td>\n<div align=\"Left\">8\/ 84<\/div>\n<\/td>\n<\/tr>\n<tr bgcolor=\"#eeeeee\">\n<td>\n<div align=\"left\">4 x 23,7 x 28 H13<\/div>\n<\/td>\n<td>\n<div align=\"center\">8,07<\/div>\n<\/td>\n<td>\n<div align=\"center\">B<\/div>\n<\/td>\n<td>\n<div align=\"center\">18 &#8211; 38<\/div>\n<\/td>\n<td>\n<div align=\"center\">23,7<\/div>\n<\/td>\n<td>\n<div align=\"Left\">8\/ 89<\/div>\n<\/td>\n<\/tr>\n<tr bgcolor=\"#ddbd89\">\n<td>\n<div align=\"left\">4 x 23,81 x 28 A11<\/div>\n<\/td>\n<td>\n<div align=\"center\">8,02<\/div>\n<\/td>\n<td>\n<div align=\"center\">B<\/div>\n<\/td>\n<td>\n<div align=\"center\">40 &#8211; 120<\/div>\n<\/td>\n<td>\n<div align=\"center\">23,81<\/div>\n<\/td>\n<td>\n<div align=\"Left\">8\/ 17<\/div>\n<\/td>\n<\/tr>\n<tr bgcolor=\"#eeeeee\">\n<td>\n<div align=\"left\">4 x 23,83 x 28 H12<\/div>\n<\/td>\n<td>\n<div align=\"center\">8,07<\/div>\n<\/td>\n<td>\n<div align=\"center\">B<\/div>\n<\/td>\n<td>\n<div align=\"center\">12 &#8211; 30<\/div>\n<\/td>\n<td>\n<div align=\"center\">23,85<\/div>\n<\/td>\n<td>\n<div align=\"Left\">8\/ 49<\/div>\n<\/td>\n<\/tr>\n<tr bgcolor=\"#ddbd89\">\n<td>\n<div align=\"left\">4 x 23,84 x 28 H12<\/div>\n<\/td>\n<td>\n<div align=\"center\">8,07<\/div>\n<\/td>\n<td>\n<div align=\"center\">B<\/div>\n<\/td>\n<td>\n<div align=\"center\">16 &#8211; 40<\/div>\n<\/td>\n<td>\n<div align=\"center\">23,84<\/div>\n<\/td>\n<td>\n<div align=\"Left\">8\/ 46<\/div>\n<\/td>\n<\/tr>\n<tr bgcolor=\"#eeeeee\">\n<td>\n<div align=\"left\">4 x 24 x 28 H12<\/div>\n<\/td>\n<td>\n<div align=\"center\">8,08<\/div>\n<\/td>\n<td>\n<div align=\"center\">A<\/div>\n<\/td>\n<td>\n<div align=\"center\">12 &#8211; 30<\/div>\n<\/td>\n<td>\n<div align=\"center\">24<\/div>\n<\/td>\n<td>\n<div align=\"Left\">8\/ 50<\/div>\n<\/td>\n<\/tr>\n<tr bgcolor=\"#ddbd89\">\n<td>\n<div align=\"left\">4 x 24 x 28 H12<\/div>\n<\/td>\n<td>\n<div align=\"center\">8,07<\/div>\n<\/td>\n<td>\n<div align=\"center\">A<\/div>\n<\/td>\n<td>\n<div align=\"center\">16 &#8211; 40<\/div>\n<\/td>\n<td>\n<div align=\"center\">24<\/div>\n<\/td>\n<td>\n<div align=\"Left\">8\/ 53<\/div>\n<\/td>\n<\/tr>\n<tr bgcolor=\"#eeeeee\">\n<td>\n<div align=\"left\">4 x 24 x 28 H12<\/div>\n<\/td>\n<td>\n<div align=\"center\">8,08<\/div>\n<\/td>\n<td>\n<div align=\"center\">A<\/div>\n<\/td>\n<td>\n<div align=\"center\">16 &#8211; 40<\/div>\n<\/td>\n<td>\n<div align=\"center\">24<\/div>\n<\/td>\n<td>\n<div align=\"Left\">8\/ 51<\/div>\n<\/td>\n<\/tr>\n<tr bgcolor=\"#ddbd89\">\n<td>\n<div align=\"left\">4 x 24 x 28 A11<\/div>\n<\/td>\n<td>\n<div align=\"center\">8,04<\/div>\n<\/td>\n<td>\n<div align=\"center\">A<\/div>\n<\/td>\n<td>\n<div align=\"center\">40 &#8211; 120<\/div>\n<\/td>\n<td>\n<div align=\"center\">24<\/div>\n<\/td>\n<td>\n<div align=\"Left\">8\/ 19<\/div>\n<\/td>\n<\/tr>\n<tr bgcolor=\"#eeeeee\">\n<td>\n<div align=\"left\">4 x 24,03 x 28 H12<\/div>\n<\/td>\n<td>\n<div align=\"center\">8,08<\/div>\n<\/td>\n<td>\n<div align=\"center\">A<\/div>\n<\/td>\n<td>\n<div align=\"center\">12 &#8211; 30<\/div>\n<\/td>\n<td>\n<div align=\"center\">24,03<\/div>\n<\/td>\n<td>\n<div align=\"Left\">8\/ 52<\/div>\n<\/td>\n<\/tr>\n<tr bgcolor=\"#ddbd89\">\n<td>\n<div align=\"left\">4 x 27,7 x 32 H13<\/div>\n<\/td>\n<td>\n<div align=\"center\">10,08<\/div>\n<\/td>\n<td>\n<div align=\"center\">B<\/div>\n<\/td>\n<td>\n<div align=\"center\">33 &#8211; 80<\/div>\n<\/td>\n<td>\n<div align=\"center\">27,7<\/div>\n<\/td>\n<td>\n<div align=\"Left\">8\/ 91<\/div>\n<\/td>\n<\/tr>\n<tr bgcolor=\"#eeeeee\">\n<td>\n<div align=\"left\">4 x 27,8 H7 x 32 H13<\/div>\n<\/td>\n<td>\n<div align=\"center\">10,03<\/div>\n<\/td>\n<td>\n<div align=\"center\">D<\/div>\n<\/td>\n<td>\n<div align=\"center\">30 &#8211; 100<\/div>\n<\/td>\n<td>\n<div align=\"center\">27,48<\/div>\n<\/td>\n<td>\n<div align=\"Left\">8\/ 22<\/div>\n<\/td>\n<\/tr>\n<tr bgcolor=\"#ddbd89\">\n<td>\n<div align=\"left\">4 x 27,8 H9 x 32 H13<\/div>\n<\/td>\n<td>\n<div align=\"center\">10,04<\/div>\n<\/td>\n<td>\n<div align=\"center\">D<\/div>\n<\/td>\n<td>\n<div align=\"center\">40 &#8211; 120<\/div>\n<\/td>\n<td>\n<div align=\"center\">27,5<\/div>\n<\/td>\n<td>\n<div align=\"Left\">8\/ 27<\/div>\n<\/td>\n<\/tr>\n<tr bgcolor=\"#eeeeee\">\n<td>\n<div align=\"left\">4 x 27,82 x 32 H12<\/div>\n<\/td>\n<td>\n<div align=\"center\">10,07<\/div>\n<\/td>\n<td>\n<div align=\"center\">B<\/div>\n<\/td>\n<td>\n<div align=\"center\">18 &#8211; 45<\/div>\n<\/td>\n<td>\n<div align=\"center\">27,82<\/div>\n<\/td>\n<td>\n<div align=\"Left\">8\/ 54<\/div>\n<\/td>\n<\/tr>\n<tr bgcolor=\"#ddbd89\">\n<td>\n<div align=\"left\">4 x 27,83 x 32 H12<\/div>\n<\/td>\n<td>\n<div align=\"center\">10,03<\/div>\n<\/td>\n<td>\n<div align=\"center\">B<\/div>\n<\/td>\n<td>\n<div align=\"center\">18 &#8211; 45<\/div>\n<\/td>\n<td>\n<div align=\"center\">27,83<\/div>\n<\/td>\n<td>\n<div align=\"Left\">8\/ 76<\/div>\n<\/td>\n<\/tr>\n<tr bgcolor=\"#eeeeee\">\n<td>\n<div align=\"left\">4 x 27,83 x 32 H12<\/div>\n<\/td>\n<td>\n<div align=\"center\">10,04<\/div>\n<\/td>\n<td>\n<div align=\"center\">B<\/div>\n<\/td>\n<td>\n<div align=\"center\">18 &#8211; 45<\/div>\n<\/td>\n<td>\n<div align=\"center\">27,83<\/div>\n<\/td>\n<td>\n<div align=\"Left\">8\/ 57<\/div>\n<\/td>\n<\/tr>\n<tr bgcolor=\"#ddbd89\">\n<td>\n<div align=\"left\">4 x 27,83 x 32 A11<\/div>\n<\/td>\n<td>\n<div align=\"center\">10,05<\/div>\n<\/td>\n<td>\n<div align=\"center\">B<\/div>\n<\/td>\n<td>\n<div align=\"center\">36 &#8211; 90<\/div>\n<\/td>\n<td>\n<div align=\"center\">27,83<\/div>\n<\/td>\n<td>\n<div align=\"Left\">8\/ 21<\/div>\n<\/td>\n<\/tr>\n<tr bgcolor=\"#eeeeee\">\n<td>\n<div align=\"left\">4 x 27,84 x 32 H12<\/div>\n<\/td>\n<td>\n<div align=\"center\">10,08<\/div>\n<\/td>\n<td>\n<div align=\"center\">B<\/div>\n<\/td>\n<td>\n<div align=\"center\">18 &#8211; 45<\/div>\n<\/td>\n<td>\n<div align=\"center\">27,84<\/div>\n<\/td>\n<td>\n<div align=\"Left\">8\/ 75<\/div>\n<\/td>\n<\/tr>\n<tr bgcolor=\"#ddbd89\">\n<td>\n<div align=\"left\">4 x 27,85 x 32 H12<\/div>\n<\/td>\n<td>\n<div align=\"center\">10,07<\/div>\n<\/td>\n<td>\n<div align=\"center\">B<\/div>\n<\/td>\n<td>\n<div align=\"center\">12 &#8211; 30<\/div>\n<\/td>\n<td>\n<div align=\"center\">27,85<\/div>\n<\/td>\n<td>\n<div align=\"Left\">8\/ 55<\/div>\n<\/td>\n<\/tr>\n<tr bgcolor=\"#eeeeee\">\n<td>\n<div align=\"left\">4 x 27,85 x 32 H12<\/div>\n<\/td>\n<td>\n<div align=\"center\">10,04<\/div>\n<\/td>\n<td>\n<div align=\"center\">B<\/div>\n<\/td>\n<td>\n<div align=\"center\">18 &#8211; 45<\/div>\n<\/td>\n<td>\n<div align=\"center\">27,85<\/div>\n<\/td>\n<td>\n<div align=\"Left\">8\/ 56<\/div>\n<\/td>\n<\/tr>\n<tr bgcolor=\"#ddbd89\">\n<td>\n<div align=\"left\">4 x 28 x 32 H12<\/div>\n<\/td>\n<td>\n<div align=\"center\">10,07<\/div>\n<\/td>\n<td>\n<div align=\"center\">A<\/div>\n<\/td>\n<td>\n<div align=\"center\">12 &#8211; 30<\/div>\n<\/td>\n<td>\n<div align=\"center\">28<\/div>\n<\/td>\n<td>\n<div align=\"Left\">8\/ 59<\/div>\n<\/td>\n<\/tr>\n<tr bgcolor=\"#eeeeee\">\n<td>\n<div align=\"left\">4 x 28 x 32 H12<\/div>\n<\/td>\n<td>\n<div align=\"center\">10,04<\/div>\n<\/td>\n<td>\n<div align=\"center\">A<\/div>\n<\/td>\n<td>\n<div align=\"center\">18 &#8211; 45<\/div>\n<\/td>\n<td>\n<div align=\"center\">28<\/div>\n<\/td>\n<td>\n<div align=\"Left\">8\/ 58<\/div>\n<\/td>\n<\/tr>\n<tr bgcolor=\"#ddbd89\">\n<td>\n<div align=\"left\">4 x 28 H7 x 32 H13<\/div>\n<\/td>\n<td>\n<div align=\"center\">10,07<\/div>\n<\/td>\n<td>\n<div align=\"center\">C<\/div>\n<\/td>\n<td>\n<div align=\"center\">20 &#8211; 60<\/div>\n<\/td>\n<td>\n<div align=\"center\">27,7<\/div>\n<\/td>\n<td>\n<div align=\"Left\">8\/ 86<\/div>\n<\/td>\n<\/tr>\n<tr bgcolor=\"#eeeeee\">\n<td>\n<div align=\"left\">4 x 28 H7 x 32 H13<\/div>\n<\/td>\n<td>\n<div align=\"center\">10,04<\/div>\n<\/td>\n<td>\n<div align=\"center\">C<\/div>\n<\/td>\n<td>\n<div align=\"center\">32 &#8211; 91<\/div>\n<\/td>\n<td>\n<div align=\"center\">27,7<\/div>\n<\/td>\n<td>\n<div align=\"Left\">8\/ 85<\/div>\n<\/td>\n<\/tr>\n<tr bgcolor=\"#ddbd89\">\n<td>\n<div align=\"left\">4 x 28,03 x 32 H12<\/div>\n<\/td>\n<td>\n<div align=\"center\">10,07<\/div>\n<\/td>\n<td>\n<div align=\"center\">A<\/div>\n<\/td>\n<td>\n<div align=\"center\">18 &#8211; 45<\/div>\n<\/td>\n<td>\n<div align=\"center\">28,03<\/div>\n<\/td>\n<td>\n<div align=\"Left\">8\/ 60<\/div>\n<\/td>\n<\/tr>\n<tr bgcolor=\"#eeeeee\">\n<td>\n<div align=\"left\">4 x 25,75 x 32,6<\/div>\n<\/td>\n<td>\n<div align=\"center\">10,06<\/div>\n<\/td>\n<td>\n<div align=\"center\">B<\/div>\n<\/td>\n<td>\n<div align=\"center\">30 &#8211; 80<\/div>\n<\/td>\n<td>\n<div align=\"center\">25,75<\/div>\n<\/td>\n<td>\n<div align=\"Left\">8\/ 90<\/div>\n<\/td>\n<\/tr>\n<tr bgcolor=\"#ddbd89\">\n<td>\n<div align=\"left\">4 x 31,8 x 38 H12<\/div>\n<\/td>\n<td>\n<div align=\"center\">10,08<\/div>\n<\/td>\n<td>\n<div align=\"center\">B<\/div>\n<\/td>\n<td>\n<div align=\"center\">16 &#8211; 40<\/div>\n<\/td>\n<td>\n<div align=\"center\">31,8<\/div>\n<\/td>\n<td>\n<div align=\"Left\">8\/ 63<\/div>\n<\/td>\n<\/tr>\n<tr bgcolor=\"#eeeeee\">\n<td>\n<div align=\"left\">4 x 31,8 x 38 H12<\/div>\n<\/td>\n<td>\n<div align=\"center\">10,04<\/div>\n<\/td>\n<td>\n<div align=\"center\">B<\/div>\n<\/td>\n<td>\n<div align=\"center\">16 &#8211; 40<\/div>\n<\/td>\n<td>\n<div align=\"center\">31,8<\/div>\n<\/td>\n<td>\n<div align=\"Left\">8\/ 62<\/div>\n<\/td>\n<\/tr>\n<tr bgcolor=\"#ddbd89\">\n<td>\n<div align=\"left\">4 x 31,8 x 38 H12<\/div>\n<\/td>\n<td>\n<div align=\"center\">10,08<\/div>\n<\/td>\n<td>\n<div align=\"center\">B<\/div>\n<\/td>\n<td>\n<div align=\"center\">20 &#8211; 50<\/div>\n<\/td>\n<td>\n<div align=\"center\">31,8<\/div>\n<\/td>\n<td>\n<div align=\"Left\">8\/ 64<\/div>\n<\/td>\n<\/tr>\n<tr bgcolor=\"#eeeeee\">\n<td>\n<div align=\"left\">4 x 31,85 x 38 A11<\/div>\n<\/td>\n<td>\n<div align=\"center\">10,05<\/div>\n<\/td>\n<td>\n<div align=\"center\">B<\/div>\n<\/td>\n<td>\n<div align=\"center\">36 &#8211; 90<\/div>\n<\/td>\n<td>\n<div align=\"center\">31,85<\/div>\n<\/td>\n<td>\n<div align=\"Left\">8\/ 28<\/div>\n<\/td>\n<\/tr>\n<tr bgcolor=\"#ddbd89\">\n<td>\n<div align=\"left\">4 x 32 x 38 H12<\/div>\n<\/td>\n<td>\n<div align=\"center\">10,07<\/div>\n<\/td>\n<td>\n<div align=\"center\">A<\/div>\n<\/td>\n<td>\n<div align=\"center\">16 &#8211; 40<\/div>\n<\/td>\n<td>\n<div align=\"center\">32<\/div>\n<\/td>\n<td>\n<div align=\"Left\">8\/ 67<\/div>\n<\/td>\n<\/tr>\n<tr bgcolor=\"#eeeeee\">\n<td>\n<div align=\"left\">4 x 32 x 38 H12<\/div>\n<\/td>\n<td>\n<div align=\"center\">10,03<\/div>\n<\/td>\n<td>\n<div align=\"center\">A<\/div>\n<\/td>\n<td>\n<div align=\"center\">16 &#8211; 40<\/div>\n<\/td>\n<td>\n<div align=\"center\">32<\/div>\n<\/td>\n<td>\n<div align=\"Left\">8\/ 66<\/div>\n<\/td>\n<\/tr>\n<tr bgcolor=\"#ddbd89\">\n<td>\n<div align=\"left\">4 x 32 x 38 A11<\/div>\n<\/td>\n<td>\n<div align=\"center\">10,08<\/div>\n<\/td>\n<td>\n<div align=\"center\">A<\/div>\n<\/td>\n<td>\n<div align=\"center\">19 &#8211; 42<\/div>\n<\/td>\n<td>\n<div align=\"center\">32<\/div>\n<\/td>\n<td>\n<div align=\"Left\">8\/ 65<\/div>\n<\/td>\n<\/tr>\n<tr bgcolor=\"#eeeeee\">\n<td>\n<div align=\"left\">4 x 32 x 38 H12<\/div>\n<\/td>\n<td>\n<div align=\"center\">10,07<\/div>\n<\/td>\n<td>\n<div align=\"center\">A<\/div>\n<\/td>\n<td>\n<div align=\"center\">20 &#8211; 50<\/div>\n<\/td>\n<td>\n<div align=\"center\">32<\/div>\n<\/td>\n<td>\n<div align=\"Left\">8\/ 69<\/div>\n<\/td>\n<\/tr>\n<tr bgcolor=\"#ddbd89\">\n<td>\n<div align=\"left\">4 x 35,81 x 42 H12<\/div>\n<\/td>\n<td>\n<div align=\"center\">12,04<\/div>\n<\/td>\n<td>\n<div align=\"center\">A<\/div>\n<\/td>\n<td>\n<div align=\"center\">20 &#8211; 50<\/div>\n<\/td>\n<td>\n<div align=\"center\">35,81<\/div>\n<\/td>\n<td>\n<div align=\"Left\">8\/ 70<\/div>\n<\/td>\n<\/tr>\n<tr bgcolor=\"#eeeeee\">\n<td>\n<div align=\"left\">4 x 36 x 42 H12<\/div>\n<\/td>\n<td>\n<div align=\"center\">12,04<\/div>\n<\/td>\n<td>\n<div align=\"center\">A<\/div>\n<\/td>\n<td>\n<div align=\"center\">20 &#8211; 50<\/div>\n<\/td>\n<td>\n<div align=\"center\">36<\/div>\n<\/td>\n<td>\n<div align=\"Left\">8\/ 71<\/div>\n<\/td>\n<\/tr>\n<tr bgcolor=\"#ddbd89\">\n<td>\n<div align=\"left\">4 x 36 x 42 H12<\/div>\n<\/td>\n<td>\n<div align=\"center\">12,04<\/div>\n<\/td>\n<td>\n<div align=\"center\">A<\/div>\n<\/td>\n<td>\n<div align=\"center\">20 &#8211; 50<\/div>\n<\/td>\n<td>\n<div align=\"center\">36<\/div>\n<\/td>\n<td>\n<div align=\"Left\">8\/ 78<\/div>\n<\/td>\n<\/tr>\n<tr bgcolor=\"#eeeeee\">\n<td>\n<div align=\"left\">4 x 35,82 x 42,38 H13<\/div>\n<\/td>\n<td>\n<div align=\"center\">12,05<\/div>\n<\/td>\n<td>\n<div align=\"center\">B<\/div>\n<\/td>\n<td>\n<div align=\"center\">40 &#8211; 120<\/div>\n<\/td>\n<td>\n<div align=\"center\">35,82<\/div>\n<\/td>\n<td>\n<div align=\"Left\">8\/ 33<\/div>\n<\/td>\n<\/tr>\n<\/thead>\n<\/table>\n","protected":false},"excerpt":{"rendered":"<p>Typ: A kein Bohrungsr\u00e4umen (Ausgangsbohrung gleich Fertigma\u00df) B kein Bohrungsr\u00e4umen (Ausgangsbohrung gleich Schleifma\u00df) C Bohrungsr\u00e4umen auf Fertigma\u00df D Bohrungsr\u00e4umen auf Schleifma\u00df Nennmass b Typ R\u00e4uml\u00e4nge Vorbohrung Wkz-Nr 4 x 13 x 17 H13 4,06 A 12 &#8211; 30 13 8\/ 2 4 x 13 x 17 H13 4,07 A 16<a href=\"https:\/\/wiemers.de\/?page_id=299\" class=\"read-more\">Lesen Sie mehr &#8230;<\/a><\/p>\n","protected":false},"author":1,"featured_media":0,"parent":195,"menu_order":5,"comment_status":"closed","ping_status":"closed","template":"","meta":[],"_links":{"self":[{"href":"https:\/\/wiemers.de\/index.php?rest_route=\/wp\/v2\/pages\/299"}],"collection":[{"href":"https:\/\/wiemers.de\/index.php?rest_route=\/wp\/v2\/pages"}],"about":[{"href":"https:\/\/wiemers.de\/index.php?rest_route=\/wp\/v2\/types\/page"}],"author":[{"embeddable":true,"href":"https:\/\/wiemers.de\/index.php?rest_route=\/wp\/v2\/users\/1"}],"replies":[{"embeddable":true,"href":"https:\/\/wiemers.de\/index.php?rest_route=%2Fwp%2Fv2%2Fcomments&post=299"}],"version-history":[{"count":1,"href":"https:\/\/wiemers.de\/index.php?rest_route=\/wp\/v2\/pages\/299\/revisions"}],"predecessor-version":[{"id":300,"href":"https:\/\/wiemers.de\/index.php?rest_route=\/wp\/v2\/pages\/299\/revisions\/300"}],"up":[{"embeddable":true,"href":"https:\/\/wiemers.de\/index.php?rest_route=\/wp\/v2\/pages\/195"}],"wp:attachment":[{"href":"https:\/\/wiemers.de\/index.php?rest_route=%2Fwp%2Fv2%2Fmedia&parent=299"}],"curies":[{"name":"wp","href":"https:\/\/api.w.org\/{rel}","templated":true}]}}