{"id":297,"date":"2017-01-18T09:36:25","date_gmt":"2017-01-18T09:36:25","guid":{"rendered":"http:\/\/wiemers.de\/?page_id=297"},"modified":"2017-01-18T09:36:25","modified_gmt":"2017-01-18T09:36:25","slug":"keilnabenprofile-nach-din-5464","status":"publish","type":"page","link":"https:\/\/wiemers.de\/?page_id=297","title":{"rendered":"Keilnabenprofile nach DIN 5464"},"content":{"rendered":"<style type=\"text\/css\"><!-- .wzlframe {background-color:#ddbd89; border-top:0px; border-right:0px; border-bottom:0px; border-left:0px; } td.wzl { font-size:20px; tahoma,verdana,sans-serif; text-align:left; padding:5px; } --><\/style>\n<table class=\"wzlframe\" width=\"640\">\n<tbody>\n<tr>\n<td align=\"center\"><img loading=\"lazy\" class=\"aligncenter size-full wp-image-164\" src=\"https:\/\/wiemers.de\/wp-content\/uploads\/2016\/10\/DIN5462.bmp\" alt=\"DIN5462\" width=\"227\" height=\"226\" \/><\/td>\n<td align=\"center\">\n<p style=\"text-align: left;\">Typ:<\/p>\n<p style=\"text-align: left;\">A kein Bohrungsr\u00e4umen<br \/>\n(Ausgangsbohrung gleich Fertigma\u00df)<\/p>\n<p style=\"text-align: left;\">B kein Bohrungsr\u00e4umen<br \/>\n(Ausgangsbohrung gleich Schleifma\u00df)<\/p>\n<p style=\"text-align: left;\">C Bohrungsr\u00e4umen auf Fertigma\u00df<\/p>\n<p style=\"text-align: left;\">D Bohrungsr\u00e4umen auf Schleifma\u00df<\/p>\n<\/td>\n<\/tr>\n<\/tbody>\n<\/table>\n<table class=\"wzlframe\" width=\"640\" cellspacing=\"0\">\n<thead>\n<tr>\n<th bgcolor=\"#c0c0c0\"><span style=\"font-size: 11pt;\">Nennmass<\/span><\/th>\n<th bgcolor=\"#c0c0c0\"><span style=\"font-size: 11pt;\">b<\/span><\/th>\n<th bgcolor=\"#c0c0c0\"><span style=\"font-size: 11pt;\">Typ<\/span><\/th>\n<th bgcolor=\"#c0c0c0\"><span style=\"font-size: 11pt;\">R\u00e4uml\u00e4nge<\/span><\/th>\n<th bgcolor=\"#c0c0c0\"><span style=\"font-size: 11pt;\">Vorbohrung<\/span><\/th>\n<th bgcolor=\"#c0c0c0\"><span style=\"font-size: 11pt;\">Wkz-Nr<\/span><\/th>\n<\/tr>\n<tr bgcolor=\"#ddbd89\">\n<td>\n<div align=\"left\">10 x 16 H7 x 20 H11<\/div>\n<\/td>\n<td>\n<div align=\"center\">2,54<\/div>\n<\/td>\n<td>\n<div align=\"center\">C<\/div>\n<\/td>\n<td>\n<div align=\"center\">13 &#8211; 23<\/div>\n<\/td>\n<td>\n<div align=\"center\">15,68<\/div>\n<\/td>\n<td>\n<div align=\"Left\">7\/ 2<\/div>\n<\/td>\n<\/tr>\n<tr bgcolor=\"#eeeeee\">\n<td>\n<div align=\"left\">10 x 21 x 26 H11<\/div>\n<\/td>\n<td>\n<div align=\"center\">3,06<\/div>\n<\/td>\n<td>\n<div align=\"center\">A<\/div>\n<\/td>\n<td>\n<div align=\"center\">23 &#8211; 50<\/div>\n<\/td>\n<td>\n<div align=\"center\">21<\/div>\n<\/td>\n<td>\n<div align=\"Left\">7\/ 3<\/div>\n<\/td>\n<\/tr>\n<tr bgcolor=\"#ddbd89\">\n<td>\n<div align=\"left\">10 x 22,8 x 29 H11<\/div>\n<\/td>\n<td>\n<div align=\"center\">4,06<\/div>\n<\/td>\n<td>\n<div align=\"center\">B<\/div>\n<\/td>\n<td>\n<div align=\"center\">18 &#8211; 45<\/div>\n<\/td>\n<td>\n<div align=\"center\">22,8<\/div>\n<\/td>\n<td>\n<div align=\"Left\">7\/ 33<\/div>\n<\/td>\n<\/tr>\n<tr bgcolor=\"#eeeeee\">\n<td>\n<div align=\"left\">10 x 22,8 x 29 H11<\/div>\n<\/td>\n<td>\n<div align=\"center\">4,06<\/div>\n<\/td>\n<td>\n<div align=\"center\">B<\/div>\n<\/td>\n<td>\n<div align=\"center\">18 &#8211; 45<\/div>\n<\/td>\n<td>\n<div align=\"center\">22,8<\/div>\n<\/td>\n<td>\n<div align=\"Left\">7\/ 32<\/div>\n<\/td>\n<\/tr>\n<tr bgcolor=\"#ddbd89\">\n<td>\n<div align=\"left\">10 x 22,8 H7 x 29 H11<\/div>\n<\/td>\n<td>\n<div align=\"center\">4,06<\/div>\n<\/td>\n<td>\n<div align=\"center\">D<\/div>\n<\/td>\n<td>\n<div align=\"center\">20 &#8211; 50<\/div>\n<\/td>\n<td>\n<div align=\"center\">22,5<\/div>\n<\/td>\n<td>\n<div align=\"Left\">7\/ 28<\/div>\n<\/td>\n<\/tr>\n<tr bgcolor=\"#eeeeee\">\n<td>\n<div align=\"left\">10 x 23 H7 x 29 H12<\/div>\n<\/td>\n<td>\n<div align=\"center\">4,05<\/div>\n<\/td>\n<td>\n<div align=\"center\">C<\/div>\n<\/td>\n<td>\n<div align=\"center\">14 &#8211; 28<\/div>\n<\/td>\n<td>\n<div align=\"center\">22,78<\/div>\n<\/td>\n<td>\n<div align=\"Left\">7\/ 39<\/div>\n<\/td>\n<\/tr>\n<tr bgcolor=\"#ddbd89\">\n<td>\n<div align=\"left\">10 x 23 H7 x 29 H11<\/div>\n<\/td>\n<td>\n<div align=\"center\">4,08<\/div>\n<\/td>\n<td>\n<div align=\"center\">C<\/div>\n<\/td>\n<td>\n<div align=\"center\">19 &#8211; 33<\/div>\n<\/td>\n<td>\n<div align=\"center\">22,78<\/div>\n<\/td>\n<td>\n<div align=\"Left\">7\/ 4<\/div>\n<\/td>\n<\/tr>\n<tr bgcolor=\"#eeeeee\">\n<td>\n<div align=\"left\">10 x 23 H7 x 29 H11<\/div>\n<\/td>\n<td>\n<div align=\"center\">4,06<\/div>\n<\/td>\n<td>\n<div align=\"center\">C<\/div>\n<\/td>\n<td>\n<div align=\"center\">18 &#8211; 40<\/div>\n<\/td>\n<td>\n<div align=\"center\">22,74<\/div>\n<\/td>\n<td>\n<div align=\"Left\">7\/ 5<\/div>\n<\/td>\n<\/tr>\n<tr bgcolor=\"#ddbd89\">\n<td>\n<div align=\"left\">10 x 23 x 29 H11<\/div>\n<\/td>\n<td>\n<div align=\"center\">4,05<\/div>\n<\/td>\n<td>\n<div align=\"center\">A<\/div>\n<\/td>\n<td>\n<div align=\"center\">21 &#8211; 47<\/div>\n<\/td>\n<td>\n<div align=\"center\">23<\/div>\n<\/td>\n<td>\n<div align=\"Left\">7\/ 34<\/div>\n<\/td>\n<\/tr>\n<tr bgcolor=\"#eeeeee\">\n<td>\n<div align=\"left\">10 x 25,77 x 32 H11<\/div>\n<\/td>\n<td>\n<div align=\"center\">4,06<\/div>\n<\/td>\n<td>\n<div align=\"center\">B<\/div>\n<\/td>\n<td>\n<div align=\"center\">25 &#8211; 62<\/div>\n<\/td>\n<td>\n<div align=\"center\">25,77<\/div>\n<\/td>\n<td>\n<div align=\"Left\">7\/ 20<\/div>\n<\/td>\n<\/tr>\n<tr bgcolor=\"#ddbd89\">\n<td>\n<div align=\"left\">10 x 25,8 x 32 H11<\/div>\n<\/td>\n<td>\n<div align=\"center\">4,06<\/div>\n<\/td>\n<td>\n<div align=\"center\">B<\/div>\n<\/td>\n<td>\n<div align=\"center\">19 &#8211; 45<\/div>\n<\/td>\n<td>\n<div align=\"center\">25,8<\/div>\n<\/td>\n<td>\n<div align=\"Left\">7\/ 19<\/div>\n<\/td>\n<\/tr>\n<tr bgcolor=\"#eeeeee\">\n<td>\n<div align=\"left\">10 x 26 H7 x 32 H11<\/div>\n<\/td>\n<td>\n<div align=\"center\">4,06<\/div>\n<\/td>\n<td>\n<div align=\"center\">C<\/div>\n<\/td>\n<td>\n<div align=\"center\">25 &#8211; 45<\/div>\n<\/td>\n<td>\n<div align=\"center\">25,82<\/div>\n<\/td>\n<td>\n<div align=\"Left\">7\/ 7<\/div>\n<\/td>\n<\/tr>\n<tr bgcolor=\"#ddbd89\">\n<td>\n<div align=\"left\">10 x 27,76 x 35 H11<\/div>\n<\/td>\n<td>\n<div align=\"center\">4,08<\/div>\n<\/td>\n<td>\n<div align=\"center\">B<\/div>\n<\/td>\n<td>\n<div align=\"center\">24 &#8211; 60<\/div>\n<\/td>\n<td>\n<div align=\"center\">27,76<\/div>\n<\/td>\n<td>\n<div align=\"Left\">7\/ 8<\/div>\n<\/td>\n<\/tr>\n<tr bgcolor=\"#eeeeee\">\n<td>\n<div align=\"left\">10 x 28 H7 x 35 H11<\/div>\n<\/td>\n<td>\n<div align=\"center\">4,06<\/div>\n<\/td>\n<td>\n<div align=\"center\">C<\/div>\n<\/td>\n<td>\n<div align=\"center\">18 &#8211; 40<\/div>\n<\/td>\n<td>\n<div align=\"center\">27,72<\/div>\n<\/td>\n<td>\n<div align=\"Left\">7\/ 10<\/div>\n<\/td>\n<\/tr>\n<tr bgcolor=\"#ddbd89\">\n<td>\n<div align=\"left\">10 x 28 H7 x 35 H12<\/div>\n<\/td>\n<td>\n<div align=\"center\">4,07<\/div>\n<\/td>\n<td>\n<div align=\"center\">C<\/div>\n<\/td>\n<td>\n<div align=\"center\">18 &#8211; 40<\/div>\n<\/td>\n<td>\n<div align=\"center\">27,72<\/div>\n<\/td>\n<td>\n<div align=\"Left\">7\/ 11<\/div>\n<\/td>\n<\/tr>\n<tr bgcolor=\"#eeeeee\">\n<td>\n<div align=\"left\">10 x 28 x 35 H11<\/div>\n<\/td>\n<td>\n<div align=\"center\">4,07<\/div>\n<\/td>\n<td>\n<div align=\"center\">A<\/div>\n<\/td>\n<td>\n<div align=\"center\">20 &#8211; 50<\/div>\n<\/td>\n<td>\n<div align=\"center\">28<\/div>\n<\/td>\n<td>\n<div align=\"Left\">7\/ 21<\/div>\n<\/td>\n<\/tr>\n<tr bgcolor=\"#ddbd89\">\n<td>\n<div align=\"left\">10 x 31,75 H8 x 40 H11<\/div>\n<\/td>\n<td>\n<div align=\"center\">5,06<\/div>\n<\/td>\n<td>\n<div align=\"center\">B<\/div>\n<\/td>\n<td>\n<div align=\"center\">16 &#8211; 32<\/div>\n<\/td>\n<td>\n<div align=\"center\">31,75<\/div>\n<\/td>\n<td>\n<div align=\"Left\">7\/ 40<\/div>\n<\/td>\n<\/tr>\n<tr bgcolor=\"#eeeeee\">\n<td>\n<div align=\"left\">10 x 32 x 40 H11<\/div>\n<\/td>\n<td>\n<div align=\"center\">5,06<\/div>\n<\/td>\n<td>\n<div align=\"center\">A<\/div>\n<\/td>\n<td>\n<div align=\"center\">20 &#8211; 50<\/div>\n<\/td>\n<td>\n<div align=\"center\">32<\/div>\n<\/td>\n<td>\n<div align=\"Left\">7\/ 14<\/div>\n<\/td>\n<\/tr>\n<tr bgcolor=\"#ddbd89\">\n<td>\n<div align=\"left\">10 x 32 H8 x 40 H11<\/div>\n<\/td>\n<td>\n<div align=\"center\">5,08<\/div>\n<\/td>\n<td>\n<div align=\"center\">C<\/div>\n<\/td>\n<td>\n<div align=\"center\">25 &#8211; 70<\/div>\n<\/td>\n<td>\n<div align=\"center\">31,78<\/div>\n<\/td>\n<td>\n<div align=\"Left\">7\/ 13<\/div>\n<\/td>\n<\/tr>\n<tr bgcolor=\"#eeeeee\">\n<td>\n<div align=\"left\">10 x 32 x 40 H11<\/div>\n<\/td>\n<td>\n<div align=\"center\">5,06<\/div>\n<\/td>\n<td>\n<div align=\"center\">A<\/div>\n<\/td>\n<td>\n<div align=\"center\">24 &#8211; 70<\/div>\n<\/td>\n<td>\n<div align=\"center\">32<\/div>\n<\/td>\n<td>\n<div align=\"Left\">7\/ 23<\/div>\n<\/td>\n<\/tr>\n<tr bgcolor=\"#ddbd89\">\n<td>\n<div align=\"left\">10 x 32 H7 x 40 H11<\/div>\n<\/td>\n<td>\n<div align=\"center\">5,06<\/div>\n<\/td>\n<td>\n<div align=\"center\">C<\/div>\n<\/td>\n<td>\n<div align=\"center\">30 &#8211; 75<\/div>\n<\/td>\n<td>\n<div align=\"center\">31,78<\/div>\n<\/td>\n<td>\n<div align=\"Left\">7\/ 29<\/div>\n<\/td>\n<\/tr>\n<tr bgcolor=\"#eeeeee\">\n<td>\n<div align=\"left\">10 x 32 x 40 H12<\/div>\n<\/td>\n<td>\n<div align=\"center\">5,06<\/div>\n<\/td>\n<td>\n<div align=\"center\">A<\/div>\n<\/td>\n<td>\n<div align=\"center\">40 &#8211; 140<\/div>\n<\/td>\n<td>\n<div align=\"center\">32<\/div>\n<\/td>\n<td>\n<div align=\"Left\">7\/ 36<\/div>\n<\/td>\n<\/tr>\n<tr bgcolor=\"#ddbd89\">\n<td>\n<div align=\"left\">10 x 35,76 x 42 H11<\/div>\n<\/td>\n<td>\n<div align=\"center\">5,04<\/div>\n<\/td>\n<td>\n<div align=\"center\">B<\/div>\n<\/td>\n<td>\n<div align=\"center\">40 &#8211; 120<\/div>\n<\/td>\n<td>\n<div align=\"center\">35,76<\/div>\n<\/td>\n<td>\n<div align=\"Left\">7\/ 30<\/div>\n<\/td>\n<\/tr>\n<tr bgcolor=\"#eeeeee\">\n<td>\n<div align=\"left\">10 x 35,7 H7 x 45 H11<\/div>\n<\/td>\n<td>\n<div align=\"center\">5,04<\/div>\n<\/td>\n<td>\n<div align=\"center\">D<\/div>\n<\/td>\n<td>\n<div align=\"center\">28 &#8211; 65<\/div>\n<\/td>\n<td>\n<div align=\"center\">35,41<\/div>\n<\/td>\n<td>\n<div align=\"Left\">7\/ 41<\/div>\n<\/td>\n<\/tr>\n<tr bgcolor=\"#ddbd89\">\n<td>\n<div align=\"left\">10 x 35,73 x 45 H11<\/div>\n<\/td>\n<td>\n<div align=\"center\">5,06<\/div>\n<\/td>\n<td>\n<div align=\"center\">B<\/div>\n<\/td>\n<td>\n<div align=\"center\">33 &#8211; 100<\/div>\n<\/td>\n<td>\n<div align=\"center\">35,73<\/div>\n<\/td>\n<td>\n<div align=\"Left\">7\/ 27<\/div>\n<\/td>\n<\/tr>\n<tr bgcolor=\"#eeeeee\">\n<td>\n<div align=\"left\">10 x 36 x 45 H11<\/div>\n<\/td>\n<td>\n<div align=\"center\">5,07<\/div>\n<\/td>\n<td>\n<div align=\"center\">A<\/div>\n<\/td>\n<td>\n<div align=\"center\">24 &#8211; 70<\/div>\n<\/td>\n<td>\n<div align=\"center\">36<\/div>\n<\/td>\n<td>\n<div align=\"Left\">7\/ 25<\/div>\n<\/td>\n<\/tr>\n<tr bgcolor=\"#ddbd89\">\n<td>\n<div align=\"left\">10 x 36,02 x 45 H12<\/div>\n<\/td>\n<td>\n<div align=\"center\">5,07<\/div>\n<\/td>\n<td>\n<div align=\"center\">A<\/div>\n<\/td>\n<td>\n<div align=\"center\">18 &#8211; 40<\/div>\n<\/td>\n<td>\n<div align=\"center\">36,02<\/div>\n<\/td>\n<td>\n<div align=\"Left\">7\/ 35<\/div>\n<\/td>\n<\/tr>\n<\/thead>\n<\/table>\n","protected":false},"excerpt":{"rendered":"<p>Typ: A kein Bohrungsr\u00e4umen (Ausgangsbohrung gleich Fertigma\u00df) B kein Bohrungsr\u00e4umen (Ausgangsbohrung gleich Schleifma\u00df) C Bohrungsr\u00e4umen auf Fertigma\u00df D Bohrungsr\u00e4umen auf Schleifma\u00df Nennmass b Typ R\u00e4uml\u00e4nge Vorbohrung Wkz-Nr 10 x 16 H7 x 20 H11 2,54 C 13 &#8211; 23 15,68 7\/ 2 10 x 21 x 26 H11 3,06 A<a href=\"https:\/\/wiemers.de\/?page_id=297\" class=\"read-more\">Lesen Sie mehr &#8230;<\/a><\/p>\n","protected":false},"author":1,"featured_media":0,"parent":195,"menu_order":4,"comment_status":"closed","ping_status":"closed","template":"","meta":[],"_links":{"self":[{"href":"https:\/\/wiemers.de\/index.php?rest_route=\/wp\/v2\/pages\/297"}],"collection":[{"href":"https:\/\/wiemers.de\/index.php?rest_route=\/wp\/v2\/pages"}],"about":[{"href":"https:\/\/wiemers.de\/index.php?rest_route=\/wp\/v2\/types\/page"}],"author":[{"embeddable":true,"href":"https:\/\/wiemers.de\/index.php?rest_route=\/wp\/v2\/users\/1"}],"replies":[{"embeddable":true,"href":"https:\/\/wiemers.de\/index.php?rest_route=%2Fwp%2Fv2%2Fcomments&post=297"}],"version-history":[{"count":1,"href":"https:\/\/wiemers.de\/index.php?rest_route=\/wp\/v2\/pages\/297\/revisions"}],"predecessor-version":[{"id":298,"href":"https:\/\/wiemers.de\/index.php?rest_route=\/wp\/v2\/pages\/297\/revisions\/298"}],"up":[{"embeddable":true,"href":"https:\/\/wiemers.de\/index.php?rest_route=\/wp\/v2\/pages\/195"}],"wp:attachment":[{"href":"https:\/\/wiemers.de\/index.php?rest_route=%2Fwp%2Fv2%2Fmedia&parent=297"}],"curies":[{"name":"wp","href":"https:\/\/api.w.org\/{rel}","templated":true}]}}