{"id":267,"date":"2016-11-10T12:05:54","date_gmt":"2016-11-10T12:05:54","guid":{"rendered":"http:\/\/wiemers.de\/?page_id=267"},"modified":"2017-01-18T09:53:23","modified_gmt":"2017-01-18T09:53:23","slug":"sechskant","status":"publish","type":"page","link":"https:\/\/wiemers.de\/?page_id=267","title":{"rendered":"Sechskant"},"content":{"rendered":"<style type=\"text\/css\"><!-- .wzlframe {background-color:#ddbd89; border-top:0px; border-right:0px; border-bottom:0px; border-left:0px; } td.wzl { font-size:20px; tahoma,verdana,sans-serif; text-align:left; padding:5px; } --><\/style>\n<table class=\"wzlframe\" width=\"640\">\n<tbody>\n<tr bgcolor=\"#ddbd89\">\n<td align=\"center\"><img loading=\"lazy\" class=\"aligncenter wp-image-169 size-full\" src=\"https:\/\/wiemers.de\/wp-content\/uploads\/2016\/10\/sechseck.bmp\" width=\"227\" height=\"226\" \/><\/td>\n<td align=\"center\"><\/td>\n<\/tr>\n<\/tbody>\n<\/table>\n<table class=\"wzlframe\" width=\"640\" cellspacing=\"0\">\n<thead>\n<tr>\n<th bgcolor=\"#c0c0c0\"><span style=\"font-size: 11pt;\">Nennmass<\/span><\/th>\n<th bgcolor=\"#c0c0c0\"><span style=\"font-size: 11pt;\">Ausf\u00fchrung<\/span><\/th>\n<th bgcolor=\"#c0c0c0\"><span style=\"font-size: 11pt;\">Eckenma\u00df<\/span><\/th>\n<th bgcolor=\"#c0c0c0\"><span style=\"font-size: 11pt;\">R\u00e4uml\u00e4nge<\/span><\/th>\n<th bgcolor=\"#c0c0c0\"><span style=\"font-size: 11pt;\">Vorbohrung<\/span><\/th>\n<th bgcolor=\"#c0c0c0\"><span style=\"font-size: 11pt;\">Wkz-Nr<\/span><\/th>\n<\/tr>\n<tr bgcolor=\"#ddbd89\">\n<td>\n<div align=\"left\">5 +0,05<\/div>\n<\/td>\n<td>\n<div align=\"center\">S<\/div>\n<\/td>\n<td><\/td>\n<td>\n<div align=\"center\">16 &#8211; 35<\/div>\n<\/td>\n<td>\n<div align=\"center\">5<\/div>\n<\/td>\n<td>\n<div align=\"Left\">4\/ 53<\/div>\n<\/td>\n<\/tr>\n<tr bgcolor=\"#eeeeee\">\n<td>\n<div align=\"left\">6<\/div>\n<\/td>\n<td>\n<div align=\"center\">S<\/div>\n<\/td>\n<td><\/td>\n<td>\n<div align=\"center\">10 &#8211; 25<\/div>\n<\/td>\n<td>\n<div align=\"center\">5,92<\/div>\n<\/td>\n<td>\n<div align=\"Left\">4\/ 5001<\/div>\n<\/td>\n<\/tr>\n<tr bgcolor=\"#ddbd89\">\n<td>\n<div align=\"left\">6,1 H7<\/div>\n<\/td>\n<td>\n<div align=\"center\">S<\/div>\n<\/td>\n<td><\/td>\n<td>\n<div align=\"center\">12 &#8211; 30<\/div>\n<\/td>\n<td>\n<div align=\"center\">6,05<\/div>\n<\/td>\n<td>\n<div align=\"Left\">4\/ 33<\/div>\n<\/td>\n<\/tr>\n<tr bgcolor=\"#eeeeee\">\n<td>\n<div align=\"left\">7 +0,05<\/div>\n<\/td>\n<td>\n<div align=\"center\">S<\/div>\n<\/td>\n<td><\/td>\n<td>\n<div align=\"center\">16 &#8211; 42<\/div>\n<\/td>\n<td>\n<div align=\"center\">7<\/div>\n<\/td>\n<td>\n<div align=\"Left\">4\/ 54<\/div>\n<\/td>\n<\/tr>\n<tr bgcolor=\"#ddbd89\">\n<td>\n<div align=\"left\">8 +0,1<\/div>\n<\/td>\n<td>\n<div align=\"center\">S<\/div>\n<\/td>\n<td><\/td>\n<td>\n<div align=\"center\">8 &#8211; 16<\/div>\n<\/td>\n<td>\n<div align=\"center\">8,01<\/div>\n<\/td>\n<td>\n<div align=\"Left\">4\/ 69<\/div>\n<\/td>\n<\/tr>\n<tr bgcolor=\"#eeeeee\">\n<td>\n<div align=\"left\">8 +0,1<\/div>\n<\/td>\n<td>\n<div align=\"center\">S<\/div>\n<\/td>\n<td><\/td>\n<td>\n<div align=\"center\">14 &#8211; 24<\/div>\n<\/td>\n<td>\n<div align=\"center\">8<\/div>\n<\/td>\n<td>\n<div align=\"Left\">4\/ 46<\/div>\n<\/td>\n<\/tr>\n<tr bgcolor=\"#ddbd89\">\n<td>\n<div align=\"left\">8 E9<\/div>\n<\/td>\n<td>\n<div align=\"center\">S<\/div>\n<\/td>\n<td><\/td>\n<td>\n<div align=\"center\">5 &#8211; 25<\/div>\n<\/td>\n<td>\n<div align=\"center\">8<\/div>\n<\/td>\n<td>\n<div align=\"Left\">4\/ 2<\/div>\n<\/td>\n<\/tr>\n<tr bgcolor=\"#eeeeee\">\n<td>\n<div align=\"left\">8 H9<\/div>\n<\/td>\n<td>\n<div align=\"center\">S<\/div>\n<\/td>\n<td><\/td>\n<td>\n<div align=\"center\">16 &#8211; 45<\/div>\n<\/td>\n<td>\n<div align=\"center\">8<\/div>\n<\/td>\n<td>\n<div align=\"Left\">4\/ 1<\/div>\n<\/td>\n<\/tr>\n<tr bgcolor=\"#ddbd89\">\n<td>\n<div align=\"left\">10 H7<\/div>\n<\/td>\n<td>\n<div align=\"center\">S<\/div>\n<\/td>\n<td><\/td>\n<td>\n<div align=\"center\">20 &#8211; 50<\/div>\n<\/td>\n<td>\n<div align=\"center\">10<\/div>\n<\/td>\n<td>\n<div align=\"Left\">4\/ 3<\/div>\n<\/td>\n<\/tr>\n<tr bgcolor=\"#eeeeee\">\n<td>\n<div align=\"left\">10 H11<\/div>\n<\/td>\n<td>\n<div align=\"center\">S<\/div>\n<\/td>\n<td><\/td>\n<td>\n<div align=\"center\">20 &#8211; 50<\/div>\n<\/td>\n<td>\n<div align=\"center\">10<\/div>\n<\/td>\n<td>\n<div align=\"Left\">4\/ 47<\/div>\n<\/td>\n<\/tr>\n<tr bgcolor=\"#ddbd89\">\n<td>\n<div align=\"left\">10 H9<\/div>\n<\/td>\n<td>\n<div align=\"center\">S<\/div>\n<\/td>\n<td><\/td>\n<td>\n<div align=\"center\">20 &#8211; 50<\/div>\n<\/td>\n<td>\n<div align=\"center\">10<\/div>\n<\/td>\n<td>\n<div align=\"Left\">4\/ 4<\/div>\n<\/td>\n<\/tr>\n<tr bgcolor=\"#eeeeee\">\n<td>\n<div align=\"left\">10,21<\/div>\n<\/td>\n<td>\n<div align=\"center\">S<\/div>\n<\/td>\n<td><\/td>\n<td>\n<div align=\"center\">13 &#8211; 32<\/div>\n<\/td>\n<td>\n<div align=\"center\">10<\/div>\n<\/td>\n<td>\n<div align=\"Left\">4\/ 49<\/div>\n<\/td>\n<\/tr>\n<tr bgcolor=\"#ddbd89\">\n<td>\n<div align=\"left\">11 D9<\/div>\n<\/td>\n<td>\n<div align=\"center\">S<\/div>\n<\/td>\n<td><\/td>\n<td>\n<div align=\"center\">18 &#8211; 45<\/div>\n<\/td>\n<td>\n<div align=\"center\">11<\/div>\n<\/td>\n<td>\n<div align=\"Left\">4\/ 5<\/div>\n<\/td>\n<\/tr>\n<tr bgcolor=\"#eeeeee\">\n<td>\n<div align=\"left\">12 D9<\/div>\n<\/td>\n<td>\n<div align=\"center\">S<\/div>\n<\/td>\n<td><\/td>\n<td>\n<div align=\"center\">20 &#8211; 50<\/div>\n<\/td>\n<td>\n<div align=\"center\">12<\/div>\n<\/td>\n<td>\n<div align=\"Left\">4\/ 8<\/div>\n<\/td>\n<\/tr>\n<tr bgcolor=\"#ddbd89\">\n<td>\n<div align=\"left\">12 H7<\/div>\n<\/td>\n<td>\n<div align=\"center\">S<\/div>\n<\/td>\n<td><\/td>\n<td>\n<div align=\"center\">20 &#8211; 50<\/div>\n<\/td>\n<td>\n<div align=\"center\">12<\/div>\n<\/td>\n<td>\n<div align=\"Left\">4\/ 6<\/div>\n<\/td>\n<\/tr>\n<tr bgcolor=\"#eeeeee\">\n<td>\n<div align=\"left\">12,31<\/div>\n<\/td>\n<td>\n<div align=\"center\">S<\/div>\n<\/td>\n<td><\/td>\n<td>\n<div align=\"center\">13 &#8211; 32<\/div>\n<\/td>\n<td>\n<div align=\"center\">12<\/div>\n<\/td>\n<td>\n<div align=\"Left\">4\/ 50<\/div>\n<\/td>\n<\/tr>\n<tr bgcolor=\"#ddbd89\">\n<td>\n<div align=\"left\">13 D9<\/div>\n<\/td>\n<td>\n<div align=\"center\">S<\/div>\n<\/td>\n<td><\/td>\n<td>\n<div align=\"center\">14 &#8211; 40<\/div>\n<\/td>\n<td>\n<div align=\"center\">13<\/div>\n<\/td>\n<td>\n<div align=\"Left\">4\/ 9<\/div>\n<\/td>\n<\/tr>\n<tr bgcolor=\"#eeeeee\">\n<td>\n<div align=\"left\">14<\/div>\n<\/td>\n<td>\n<div align=\"center\">S<\/div>\n<\/td>\n<td><\/td>\n<td>\n<div align=\"center\">12 &#8211; 30<\/div>\n<\/td>\n<td>\n<div align=\"center\">14<\/div>\n<\/td>\n<td>\n<div align=\"Left\">4\/ 55<\/div>\n<\/td>\n<\/tr>\n<tr bgcolor=\"#ddbd89\">\n<td>\n<div align=\"left\">14 +0,1<\/div>\n<\/td>\n<td>\n<div align=\"center\">S<\/div>\n<\/td>\n<td><\/td>\n<td>\n<div align=\"center\">16 &#8211; 40<\/div>\n<\/td>\n<td>\n<div align=\"center\">14,02<\/div>\n<\/td>\n<td>\n<div align=\"Left\">4\/ 70<\/div>\n<\/td>\n<\/tr>\n<tr bgcolor=\"#eeeeee\">\n<td>\n<div align=\"left\">14 D9<\/div>\n<\/td>\n<td>\n<div align=\"center\">S<\/div>\n<\/td>\n<td><\/td>\n<td>\n<div align=\"center\">18 &#8211; 45<\/div>\n<\/td>\n<td>\n<div align=\"center\">14<\/div>\n<\/td>\n<td>\n<div align=\"Left\">4\/ 10<\/div>\n<\/td>\n<\/tr>\n<tr bgcolor=\"#ddbd89\">\n<td>\n<div align=\"left\">14,2 +0,2<\/div>\n<\/td>\n<td>\n<div align=\"center\">S<\/div>\n<\/td>\n<td><\/td>\n<td>\n<div align=\"center\">6 &#8211; 15<\/div>\n<\/td>\n<td>\n<div align=\"center\">14,12<\/div>\n<\/td>\n<td>\n<div align=\"Left\">4\/ 71<\/div>\n<\/td>\n<\/tr>\n<tr bgcolor=\"#eeeeee\">\n<td>\n<div align=\"left\">14,2<\/div>\n<\/td>\n<td>\n<div align=\"center\">S<\/div>\n<\/td>\n<td><\/td>\n<td>\n<div align=\"center\">12 &#8211; 30<\/div>\n<\/td>\n<td>\n<div align=\"center\">14,2<\/div>\n<\/td>\n<td>\n<div align=\"Left\">4\/ 5002<\/div>\n<\/td>\n<\/tr>\n<tr bgcolor=\"#ddbd89\">\n<td>\n<div align=\"left\">14,3<\/div>\n<\/td>\n<td>\n<div align=\"center\">S<\/div>\n<\/td>\n<td><\/td>\n<td>\n<div align=\"center\">13 &#8211; 32<\/div>\n<\/td>\n<td>\n<div align=\"center\">14<\/div>\n<\/td>\n<td>\n<div align=\"Left\">4\/ 51<\/div>\n<\/td>\n<\/tr>\n<tr bgcolor=\"#eeeeee\">\n<td>\n<div align=\"left\">15 +0,05<\/div>\n<\/td>\n<td>\n<div align=\"center\">S<\/div>\n<\/td>\n<td><\/td>\n<td>\n<div align=\"center\">16 &#8211; 45<\/div>\n<\/td>\n<td>\n<div align=\"center\">15<\/div>\n<\/td>\n<td>\n<div align=\"Left\">4\/ 56<\/div>\n<\/td>\n<\/tr>\n<tr bgcolor=\"#ddbd89\">\n<td>\n<div align=\"left\">16 +0,05<\/div>\n<\/td>\n<td>\n<div align=\"center\">S<\/div>\n<\/td>\n<td><\/td>\n<td>\n<div align=\"center\">16 &#8211; 42<\/div>\n<\/td>\n<td>\n<div align=\"center\">16<\/div>\n<\/td>\n<td>\n<div align=\"Left\">4\/ 57<\/div>\n<\/td>\n<\/tr>\n<tr bgcolor=\"#eeeeee\">\n<td>\n<div align=\"left\">16 D9<\/div>\n<\/td>\n<td>\n<div align=\"center\">S<\/div>\n<\/td>\n<td><\/td>\n<td>\n<div align=\"center\">24 &#8211; 60<\/div>\n<\/td>\n<td>\n<div align=\"center\">16<\/div>\n<\/td>\n<td>\n<div align=\"Left\">4\/ 11<\/div>\n<\/td>\n<\/tr>\n<tr bgcolor=\"#ddbd89\">\n<td>\n<div align=\"left\">17 +0,1<\/div>\n<\/td>\n<td>\n<div align=\"center\">S<\/div>\n<\/td>\n<td><\/td>\n<td>\n<div align=\"center\">12 &#8211; 30<\/div>\n<\/td>\n<td>\n<div align=\"center\">17,02<\/div>\n<\/td>\n<td>\n<div align=\"Left\">4\/ 72<\/div>\n<\/td>\n<\/tr>\n<tr bgcolor=\"#eeeeee\">\n<td>\n<div align=\"left\">17<\/div>\n<\/td>\n<td>\n<div align=\"center\">S<\/div>\n<\/td>\n<td><\/td>\n<td>\n<div align=\"center\">20 &#8211; 50<\/div>\n<\/td>\n<td>\n<div align=\"center\">17,12<\/div>\n<\/td>\n<td>\n<div align=\"Left\">4\/ 52<\/div>\n<\/td>\n<\/tr>\n<tr bgcolor=\"#ddbd89\">\n<td>\n<div align=\"left\">17,08 0,02<\/div>\n<\/td>\n<td>\n<div align=\"center\">S<\/div>\n<\/td>\n<td><\/td>\n<td>\n<div align=\"center\">24 &#8211; 64<\/div>\n<\/td>\n<td>\n<div align=\"center\">17,01<\/div>\n<\/td>\n<td>\n<div align=\"Left\">4\/ 73<\/div>\n<\/td>\n<\/tr>\n<tr bgcolor=\"#eeeeee\">\n<td>\n<div align=\"left\">17,2 +0,2<\/div>\n<\/td>\n<td>\n<div align=\"center\">S<\/div>\n<\/td>\n<td><\/td>\n<td>\n<div align=\"center\">8 &#8211; 20<\/div>\n<\/td>\n<td>\n<div align=\"center\">17,11<\/div>\n<\/td>\n<td>\n<div align=\"Left\">4\/ 75<\/div>\n<\/td>\n<\/tr>\n<tr bgcolor=\"#ddbd89\">\n<td>\n<div align=\"left\">17,46<\/div>\n<\/td>\n<td>\n<div align=\"center\">S<\/div>\n<\/td>\n<td><\/td>\n<td>\n<div align=\"center\">18 &#8211; 45<\/div>\n<\/td>\n<td>\n<div align=\"center\">17,43<\/div>\n<\/td>\n<td>\n<div align=\"Left\">4\/ 58<\/div>\n<\/td>\n<\/tr>\n<tr bgcolor=\"#eeeeee\">\n<td>\n<div align=\"left\">18 +0,05<\/div>\n<\/td>\n<td>\n<div align=\"center\">S<\/div>\n<\/td>\n<td><\/td>\n<td>\n<div align=\"center\">18 &#8211; 45<\/div>\n<\/td>\n<td>\n<div align=\"center\">18<\/div>\n<\/td>\n<td>\n<div align=\"Left\">4\/ 59<\/div>\n<\/td>\n<\/tr>\n<tr bgcolor=\"#ddbd89\">\n<td>\n<div align=\"left\">18,53<\/div>\n<\/td>\n<td>\n<div align=\"center\">S<\/div>\n<\/td>\n<td><\/td>\n<td>\n<div align=\"center\">20 &#8211; 60<\/div>\n<\/td>\n<td>\n<div align=\"center\">18,02<\/div>\n<\/td>\n<td>\n<div align=\"Left\">4\/ 60<\/div>\n<\/td>\n<\/tr>\n<tr bgcolor=\"#eeeeee\">\n<td>\n<div align=\"left\">19 H7<\/div>\n<\/td>\n<td>\n<div align=\"center\">S<\/div>\n<\/td>\n<td><\/td>\n<td>\n<div align=\"center\">20 &#8211; 40<\/div>\n<\/td>\n<td>\n<div align=\"center\">19<\/div>\n<\/td>\n<td>\n<div align=\"Left\">4\/ 48<\/div>\n<\/td>\n<\/tr>\n<tr bgcolor=\"#ddbd89\">\n<td>\n<div align=\"left\">19 +0,1<\/div>\n<\/td>\n<td>\n<div align=\"center\">S<\/div>\n<\/td>\n<td><\/td>\n<td>\n<div align=\"center\">20 &#8211; 50<\/div>\n<\/td>\n<td>\n<div align=\"center\">19,01<\/div>\n<\/td>\n<td>\n<div align=\"Left\">4\/ 43<\/div>\n<\/td>\n<\/tr>\n<tr bgcolor=\"#eeeeee\">\n<td>\n<div align=\"left\">19 E9<\/div>\n<\/td>\n<td>\n<div align=\"center\">S<\/div>\n<\/td>\n<td><\/td>\n<td>\n<div align=\"center\">25 &#8211; 100<\/div>\n<\/td>\n<td>\n<div align=\"center\">18,98<\/div>\n<\/td>\n<td>\n<div align=\"Left\">4\/ 13<\/div>\n<\/td>\n<\/tr>\n<tr bgcolor=\"#ddbd89\">\n<td>\n<div align=\"left\">19,1<\/div>\n<\/td>\n<td>\n<div align=\"center\">S<\/div>\n<\/td>\n<td><\/td>\n<td>\n<div align=\"center\">18 &#8211; 46<\/div>\n<\/td>\n<td>\n<div align=\"center\">19<\/div>\n<\/td>\n<td>\n<div align=\"Left\">4\/ 5003<\/div>\n<\/td>\n<\/tr>\n<tr bgcolor=\"#eeeeee\">\n<td>\n<div align=\"left\">20 +0,05<\/div>\n<\/td>\n<td>\n<div align=\"center\">S<\/div>\n<\/td>\n<td><\/td>\n<td>\n<div align=\"center\">16 &#8211; 42<\/div>\n<\/td>\n<td>\n<div align=\"center\">20<\/div>\n<\/td>\n<td>\n<div align=\"Left\">4\/ 61<\/div>\n<\/td>\n<\/tr>\n<tr bgcolor=\"#ddbd89\">\n<td>\n<div align=\"left\">20,6 +0,05<\/div>\n<\/td>\n<td>\n<div align=\"center\">S<\/div>\n<\/td>\n<td><\/td>\n<td>\n<div align=\"center\">16 &#8211; 42<\/div>\n<\/td>\n<td>\n<div align=\"center\">20,61<\/div>\n<\/td>\n<td>\n<div align=\"Left\">4\/ 62<\/div>\n<\/td>\n<\/tr>\n<tr bgcolor=\"#eeeeee\">\n<td>\n<div align=\"left\">21 +0,05<\/div>\n<\/td>\n<td>\n<div align=\"center\">S<\/div>\n<\/td>\n<td><\/td>\n<td>\n<div align=\"center\">16 &#8211; 42<\/div>\n<\/td>\n<td>\n<div align=\"center\">21,01<\/div>\n<\/td>\n<td>\n<div align=\"Left\">4\/ 63<\/div>\n<\/td>\n<\/tr>\n<tr bgcolor=\"#ddbd89\">\n<td>\n<div align=\"left\">22 +0,05<\/div>\n<\/td>\n<td>\n<div align=\"center\">S<\/div>\n<\/td>\n<td><\/td>\n<td>\n<div align=\"center\">36 &#8211; 100<\/div>\n<\/td>\n<td>\n<div align=\"center\">22,01<\/div>\n<\/td>\n<td>\n<div align=\"Left\">4\/ 74<\/div>\n<\/td>\n<\/tr>\n<tr bgcolor=\"#eeeeee\">\n<td>\n<div align=\"left\">22,1 H9<\/div>\n<\/td>\n<td>\n<div align=\"center\">S<\/div>\n<\/td>\n<td><\/td>\n<td>\n<div align=\"center\">28 &#8211; 75<\/div>\n<\/td>\n<td>\n<div align=\"center\">22,02<\/div>\n<\/td>\n<td>\n<div align=\"Left\">4\/ 14<\/div>\n<\/td>\n<\/tr>\n<tr bgcolor=\"#ddbd89\">\n<td>\n<div align=\"left\">22,4 E10<\/div>\n<\/td>\n<td>\n<div align=\"center\">R<\/div>\n<\/td>\n<td>\n<div align=\"center\">25,4<\/div>\n<\/td>\n<td>\n<div align=\"center\">30 &#8211; 90<\/div>\n<\/td>\n<td>\n<div align=\"center\">22,05<\/div>\n<\/td>\n<td>\n<div align=\"Left\">4\/ 15<\/div>\n<\/td>\n<\/tr>\n<tr bgcolor=\"#eeeeee\">\n<td>\n<div align=\"left\">24 D9<\/div>\n<\/td>\n<td>\n<div align=\"center\">S<\/div>\n<\/td>\n<td><\/td>\n<td>\n<div align=\"center\">25 &#8211; 85<\/div>\n<\/td>\n<td>\n<div align=\"center\">23,7<\/div>\n<\/td>\n<td>\n<div align=\"Left\">4\/ 16<\/div>\n<\/td>\n<\/tr>\n<tr bgcolor=\"#ddbd89\">\n<td>\n<div align=\"left\">24,2 +0,2<\/div>\n<\/td>\n<td><\/td>\n<td><\/td>\n<td>\n<div align=\"center\">12 &#8211; 30<\/div>\n<\/td>\n<td>\n<div align=\"center\">24,11<\/div>\n<\/td>\n<td>\n<div align=\"Left\">4\/ 76<\/div>\n<\/td>\n<\/tr>\n<tr bgcolor=\"#eeeeee\">\n<td>\n<div align=\"left\">24,2<\/div>\n<\/td>\n<td>\n<div align=\"center\">S<\/div>\n<\/td>\n<td><\/td>\n<td>\n<div align=\"center\">20 &#8211; 50<\/div>\n<\/td>\n<td>\n<div align=\"center\">24,02<\/div>\n<\/td>\n<td>\n<div align=\"Left\">4\/ 77<\/div>\n<\/td>\n<\/tr>\n<tr bgcolor=\"#ddbd89\">\n<td>\n<div align=\"left\">25 +0,05<\/div>\n<\/td>\n<td>\n<div align=\"center\">S<\/div>\n<\/td>\n<td><\/td>\n<td>\n<div align=\"center\">16 &#8211; 42<\/div>\n<\/td>\n<td>\n<div align=\"center\">25,01<\/div>\n<\/td>\n<td>\n<div align=\"Left\">4\/ 64<\/div>\n<\/td>\n<\/tr>\n<tr bgcolor=\"#eeeeee\">\n<td>\n<div align=\"left\">25 D9<\/div>\n<\/td>\n<td>\n<div align=\"center\">S<\/div>\n<\/td>\n<td><\/td>\n<td>\n<div align=\"center\">25 &#8211; 90<\/div>\n<\/td>\n<td>\n<div align=\"center\">24,73<\/div>\n<\/td>\n<td>\n<div align=\"Left\">4\/ 35<\/div>\n<\/td>\n<\/tr>\n<tr bgcolor=\"#ddbd89\">\n<td>\n<div align=\"left\">25,6 H11<\/div>\n<\/td>\n<td>\n<div align=\"center\">R<\/div>\n<\/td>\n<td>\n<div align=\"center\">29,07<\/div>\n<\/td>\n<td>\n<div align=\"center\">36 &#8211; 100<\/div>\n<\/td>\n<td>\n<div align=\"center\">25,2<\/div>\n<\/td>\n<td>\n<div align=\"Left\">4\/ 17<\/div>\n<\/td>\n<\/tr>\n<tr bgcolor=\"#eeeeee\">\n<td>\n<div align=\"left\">25,69<\/div>\n<\/td>\n<td>\n<div align=\"center\">S<\/div>\n<\/td>\n<td><\/td>\n<td>\n<div align=\"center\">16 &#8211; 40<\/div>\n<\/td>\n<td>\n<div align=\"center\">25,52<\/div>\n<\/td>\n<td>\n<div align=\"Left\">4\/ 68<\/div>\n<\/td>\n<\/tr>\n<tr bgcolor=\"#ddbd89\">\n<td>\n<div align=\"left\">27 H8<\/div>\n<\/td>\n<td>\n<div align=\"center\">S<\/div>\n<\/td>\n<td><\/td>\n<td>\n<div align=\"center\">14 &#8211; 34<\/div>\n<\/td>\n<td>\n<div align=\"center\">26,52<\/div>\n<\/td>\n<td>\n<div align=\"Left\">4\/ 36<\/div>\n<\/td>\n<\/tr>\n<tr bgcolor=\"#eeeeee\">\n<td>\n<div align=\"left\">27,05<\/div>\n<\/td>\n<td>\n<div align=\"center\">S<\/div>\n<\/td>\n<td><\/td>\n<td>\n<div align=\"center\">36 &#8211; 90<\/div>\n<\/td>\n<td>\n<div align=\"center\">28<\/div>\n<\/td>\n<td>\n<div align=\"Left\">4\/ 5005<\/div>\n<\/td>\n<\/tr>\n<tr bgcolor=\"#ddbd89\">\n<td>\n<div align=\"left\">27,1 H9<\/div>\n<\/td>\n<td>\n<div align=\"center\">S<\/div>\n<\/td>\n<td><\/td>\n<td>\n<div align=\"center\">22 &#8211; 55<\/div>\n<\/td>\n<td>\n<div align=\"center\">27,1<\/div>\n<\/td>\n<td>\n<div align=\"Left\">4\/ 18<\/div>\n<\/td>\n<\/tr>\n<tr bgcolor=\"#eeeeee\">\n<td>\n<div align=\"left\">27,4 H8<\/div>\n<\/td>\n<td>\n<div align=\"center\">R<\/div>\n<\/td>\n<td>\n<div align=\"center\">30,99<\/div>\n<\/td>\n<td>\n<div align=\"center\">12 &#8211; 30<\/div>\n<\/td>\n<td>\n<div align=\"center\">27,02<\/div>\n<\/td>\n<td>\n<div align=\"Left\">4\/ 41<\/div>\n<\/td>\n<\/tr>\n<tr bgcolor=\"#ddbd89\">\n<td>\n<div align=\"left\">27,4 H7<\/div>\n<\/td>\n<td>\n<div align=\"center\">R<\/div>\n<\/td>\n<td>\n<div align=\"center\">30,99<\/div>\n<\/td>\n<td>\n<div align=\"center\">20 &#8211; 40<\/div>\n<\/td>\n<td>\n<div align=\"center\">27<\/div>\n<\/td>\n<td>\n<div align=\"Left\">4\/ 38<\/div>\n<\/td>\n<\/tr>\n<tr bgcolor=\"#eeeeee\">\n<td>\n<div align=\"left\">29,8 E9<\/div>\n<\/td>\n<td>\n<div align=\"center\">R<\/div>\n<\/td>\n<td>\n<div align=\"center\">33,35<\/div>\n<\/td>\n<td>\n<div align=\"center\">25 &#8211; 62<\/div>\n<\/td>\n<td>\n<div align=\"center\">29,85<\/div>\n<\/td>\n<td>\n<div align=\"Left\">4\/ 32<\/div>\n<\/td>\n<\/tr>\n<tr bgcolor=\"#ddbd89\">\n<td>\n<div align=\"left\">30 H9<\/div>\n<\/td>\n<td>\n<div align=\"center\">S<\/div>\n<\/td>\n<td><\/td>\n<td>\n<div align=\"center\">29 &#8211; 70<\/div>\n<\/td>\n<td>\n<div align=\"center\">30<\/div>\n<\/td>\n<td>\n<div align=\"Left\">4\/ 19<\/div>\n<\/td>\n<\/tr>\n<tr bgcolor=\"#eeeeee\">\n<td>\n<div align=\"left\">32,3<\/div>\n<\/td>\n<td>\n<div align=\"center\">S<\/div>\n<\/td>\n<td><\/td>\n<td>\n<div align=\"center\">30 &#8211; 105<\/div>\n<\/td>\n<td>\n<div align=\"center\">32,23<\/div>\n<\/td>\n<td>\n<div align=\"Left\">4\/ 20<\/div>\n<\/td>\n<\/tr>\n<tr bgcolor=\"#ddbd89\">\n<td>\n<div align=\"left\">34 +0,1<\/div>\n<\/td>\n<td>\n<div align=\"center\">S<\/div>\n<\/td>\n<td><\/td>\n<td>\n<div align=\"center\">20 &#8211; 50<\/div>\n<\/td>\n<td>\n<div align=\"center\">34,01<\/div>\n<\/td>\n<td>\n<div align=\"Left\">4\/ 65<\/div>\n<\/td>\n<\/tr>\n<tr bgcolor=\"#eeeeee\">\n<td>\n<div align=\"left\">35,3<\/div>\n<\/td>\n<td>\n<div align=\"center\">R<\/div>\n<\/td>\n<td>\n<div align=\"center\">40<\/div>\n<\/td>\n<td>\n<div align=\"center\">10 &#8211; 22<\/div>\n<\/td>\n<td>\n<div align=\"center\">34,97<\/div>\n<\/td>\n<td>\n<div align=\"Left\">4\/ 5004<\/div>\n<\/td>\n<\/tr>\n<tr bgcolor=\"#ddbd89\">\n<td>\n<div align=\"left\">36 H7<\/div>\n<\/td>\n<td>\n<div align=\"center\">S<\/div>\n<\/td>\n<td><\/td>\n<td>\n<div align=\"center\">36 &#8211; 100<\/div>\n<\/td>\n<td>\n<div align=\"center\">36<\/div>\n<\/td>\n<td>\n<div align=\"Left\">4\/ 21<\/div>\n<\/td>\n<\/tr>\n<tr bgcolor=\"#eeeeee\">\n<td>\n<div align=\"left\">38,5 +0,02<\/div>\n<\/td>\n<td>\n<div align=\"center\">S<\/div>\n<\/td>\n<td><\/td>\n<td>\n<div align=\"center\">20 &#8211; 60<\/div>\n<\/td>\n<td>\n<div align=\"center\">38,27<\/div>\n<\/td>\n<td>\n<div align=\"Left\">4\/ 66<\/div>\n<\/td>\n<\/tr>\n<tr bgcolor=\"#ddbd89\">\n<td>\n<div align=\"left\">41,3 H7<\/div>\n<\/td>\n<td>\n<div align=\"center\">S<\/div>\n<\/td>\n<td><\/td>\n<td>\n<div align=\"center\">24 &#8211; 70<\/div>\n<\/td>\n<td>\n<div align=\"center\">41,03<\/div>\n<\/td>\n<td>\n<div align=\"Left\">4\/ 22<\/div>\n<\/td>\n<\/tr>\n<tr bgcolor=\"#eeeeee\">\n<td>\n<div align=\"left\">41,4 +0,1<\/div>\n<\/td>\n<td>\n<div align=\"center\">S<\/div>\n<\/td>\n<td><\/td>\n<td>\n<div align=\"center\">36 &#8211; 110<\/div>\n<\/td>\n<td>\n<div align=\"center\">41,6<\/div>\n<\/td>\n<td>\n<div align=\"Left\">4\/ 23<\/div>\n<\/td>\n<\/tr>\n<tr bgcolor=\"#ddbd89\">\n<td>\n<div align=\"left\">42 F7<\/div>\n<\/td>\n<td>\n<div align=\"center\">R<\/div>\n<\/td>\n<td>\n<div align=\"center\">45,02<\/div>\n<\/td>\n<td>\n<div align=\"center\">22 &#8211; 52<\/div>\n<\/td>\n<td>\n<div align=\"center\">42,02<\/div>\n<\/td>\n<td>\n<div align=\"Left\">4\/ 44<\/div>\n<\/td>\n<\/tr>\n<tr bgcolor=\"#eeeeee\">\n<td>\n<div align=\"left\">46 D12<\/div>\n<\/td>\n<td>\n<div align=\"center\">R<\/div>\n<\/td>\n<td>\n<div align=\"center\">52,4<\/div>\n<\/td>\n<td>\n<div align=\"center\">18 &#8211; 45<\/div>\n<\/td>\n<td>\n<div align=\"center\">46,33<\/div>\n<\/td>\n<td>\n<div align=\"Left\">4\/ 24<\/div>\n<\/td>\n<\/tr>\n<tr bgcolor=\"#ddbd89\">\n<td>\n<div align=\"left\">50 D12<\/div>\n<\/td>\n<td>\n<div align=\"center\">R<\/div>\n<\/td>\n<td>\n<div align=\"center\">57,1<\/div>\n<\/td>\n<td>\n<div align=\"center\">20 &#8211; 50<\/div>\n<\/td>\n<td>\n<div align=\"center\">50,3<\/div>\n<\/td>\n<td>\n<div align=\"Left\">4\/ 27<\/div>\n<\/td>\n<\/tr>\n<tr bgcolor=\"#eeeeee\">\n<td>\n<div align=\"left\">50 H10<\/div>\n<\/td>\n<td>\n<div align=\"center\">R<\/div>\n<\/td>\n<td>\n<div align=\"center\">8<\/div>\n<\/td>\n<td>\n<div align=\"center\">24 &#8211; 60<\/div>\n<\/td>\n<td>\n<div align=\"center\">50,15<\/div>\n<\/td>\n<td>\n<div align=\"Left\">4\/ 26<\/div>\n<\/td>\n<\/tr>\n<tr bgcolor=\"#ddbd89\">\n<td>\n<div align=\"left\">53 +0,02<\/div>\n<\/td>\n<td>\n<div align=\"center\">S<\/div>\n<\/td>\n<td><\/td>\n<td>\n<div align=\"center\">20 &#8211; 60<\/div>\n<\/td>\n<td>\n<div align=\"center\">52,94<\/div>\n<\/td>\n<td>\n<div align=\"Left\">4\/ 67<\/div>\n<\/td>\n<\/tr>\n<tr bgcolor=\"#eeeeee\">\n<td>\n<div align=\"left\">55 D12<\/div>\n<\/td>\n<td>\n<div align=\"center\">R<\/div>\n<\/td>\n<td>\n<div align=\"center\">62,82<\/div>\n<\/td>\n<td>\n<div align=\"center\">20 &#8211; 50<\/div>\n<\/td>\n<td>\n<div align=\"center\">55,35<\/div>\n<\/td>\n<td>\n<div align=\"Left\">4\/ 28<\/div>\n<\/td>\n<\/tr>\n<tr bgcolor=\"#ddbd89\">\n<td>\n<div align=\"left\">57,4 +0,1<\/div>\n<\/td>\n<td>\n<div align=\"center\">S<\/div>\n<\/td>\n<td><\/td>\n<td>\n<div align=\"center\">57 &#8211; 110<\/div>\n<\/td>\n<td>\n<div align=\"center\">57,4<\/div>\n<\/td>\n<td>\n<div align=\"Left\">4\/ 30<\/div>\n<\/td>\n<\/tr>\n<tr bgcolor=\"#eeeeee\">\n<td>\n<div align=\"left\">57,4 +0,1<\/div>\n<\/td>\n<td>\n<div align=\"center\">S<\/div>\n<\/td>\n<td><\/td>\n<td>\n<div align=\"center\">40 &#8211; 140<\/div>\n<\/td>\n<td>\n<div align=\"center\">58<\/div>\n<\/td>\n<td>\n<div align=\"Left\">4\/ 29<\/div>\n<\/td>\n<\/tr>\n<tr bgcolor=\"#ddbd89\">\n<td>\n<div align=\"left\">100,3 H11<\/div>\n<\/td>\n<td>\n<div align=\"center\">S<\/div>\n<\/td>\n<td><\/td>\n<td>\n<div align=\"center\">50 &#8211; 150<\/div>\n<\/td>\n<td>\n<div align=\"center\">102,04<\/div>\n<\/td>\n<td>\n<div align=\"Left\">4\/ 31<\/div>\n<\/td>\n<\/tr>\n<\/thead>\n<\/table>\n","protected":false},"excerpt":{"rendered":"<p>Nennmass Ausf\u00fchrung Eckenma\u00df R\u00e4uml\u00e4nge Vorbohrung Wkz-Nr 5 +0,05 S 16 &#8211; 35 5 4\/ 53 6 S 10 &#8211; 25 5,92 4\/ 5001 6,1 H7 S 12 &#8211; 30 6,05 4\/ 33 7 +0,05 S 16 &#8211; 42 7 4\/ 54 8 +0,1 S 8 &#8211; 16 8,01 4\/ 69<a href=\"https:\/\/wiemers.de\/?page_id=267\" class=\"read-more\">Lesen Sie mehr &#8230;<\/a><\/p>\n","protected":false},"author":1,"featured_media":0,"parent":195,"menu_order":2,"comment_status":"closed","ping_status":"closed","template":"","meta":[],"_links":{"self":[{"href":"https:\/\/wiemers.de\/index.php?rest_route=\/wp\/v2\/pages\/267"}],"collection":[{"href":"https:\/\/wiemers.de\/index.php?rest_route=\/wp\/v2\/pages"}],"about":[{"href":"https:\/\/wiemers.de\/index.php?rest_route=\/wp\/v2\/types\/page"}],"author":[{"embeddable":true,"href":"https:\/\/wiemers.de\/index.php?rest_route=\/wp\/v2\/users\/1"}],"replies":[{"embeddable":true,"href":"https:\/\/wiemers.de\/index.php?rest_route=%2Fwp%2Fv2%2Fcomments&post=267"}],"version-history":[{"count":1,"href":"https:\/\/wiemers.de\/index.php?rest_route=\/wp\/v2\/pages\/267\/revisions"}],"predecessor-version":[{"id":268,"href":"https:\/\/wiemers.de\/index.php?rest_route=\/wp\/v2\/pages\/267\/revisions\/268"}],"up":[{"embeddable":true,"href":"https:\/\/wiemers.de\/index.php?rest_route=\/wp\/v2\/pages\/195"}],"wp:attachment":[{"href":"https:\/\/wiemers.de\/index.php?rest_route=%2Fwp%2Fv2%2Fmedia&parent=267"}],"curies":[{"name":"wp","href":"https:\/\/api.w.org\/{rel}","templated":true}]}}