{"id":26,"date":"2016-08-24T19:55:22","date_gmt":"2016-08-24T17:55:22","guid":{"rendered":"http:\/\/192.168.15.9\/wordpress\/?page_id=15"},"modified":"2017-01-18T10:08:22","modified_gmt":"2017-01-18T10:08:22","slug":"download","status":"publish","type":"page","link":"https:\/\/wiemers.de\/?page_id=26","title":{"rendered":"Download"},"content":{"rendered":"<h2>AGB&#8217;s, Datenbl\u00e4tter<\/h2>\n<ul>\n<li><a href=\"https:\/\/wiemers.de\/wp-content\/uploads\/2016\/08\/MSA-TFO-50-H-SIDA-16-04-05.pdf\">Sicherheitsdatenblatt R\u00e4um\u00f6l<\/a><\/li>\n<li><a href=\"https:\/\/wiemers.de\/wp-content\/uploads\/2016\/11\/Lieferbedingungen-f\u00fcr-R\u00e4umarbeiten-der-Wiemers-KG.pdf\">Lieferbedingungen f\u00fcr R\u00e4umarbeiten<\/a><\/li>\n<\/ul>\n<h2>Werkzeuglisten<\/h2>\n<ul>\n<li><a href=\"https:\/\/wiemers.de\/wp-content\/uploads\/2016\/11\/Vierkantprofile.pdf\">Vierkantprofile<\/a><\/li>\n<li><a href=\"https:\/\/wiemers.de\/wp-content\/uploads\/2016\/11\/Sechskantprofile.pdf\">Sechskantprofile<\/a><\/li>\n<li><a href=\"https:\/\/wiemers.de\/wp-content\/uploads\/2016\/11\/Keilnaben-DIN-5463-ISO-14.pdf\">Keilnabenprofile DIN 5463 \/ ISO 14<\/a><\/li>\n<li><a href=\"https:\/\/wiemers.de\/wp-content\/uploads\/2017\/01\/Bericht-DIN-5464.pdf\">Keilnabehprofile DIN 5464<\/a><\/li>\n<li><a href=\"https:\/\/wiemers.de\/wp-content\/uploads\/2017\/01\/Bericht-DIN-5471.pdf\">Keilnabehprofile DIN 5471<\/a><\/li>\n<li><a href=\"https:\/\/wiemers.de\/wp-content\/uploads\/2017\/01\/Bericht-DIN-5472.pdf\">Keilnabenprofile DIN 5472<\/a><\/li>\n<li><a href=\"https:\/\/wiemers.de\/wp-content\/uploads\/2017\/01\/Zahnnaben-DIN-5480.pdf\">Zahnnaben DIN 5480<\/a><\/li>\n<li><a href=\"https:\/\/wiemers.de\/wp-content\/uploads\/2016\/11\/Kerbzahnnaben-DIN-5481.pdf\">Kerbzahnnabenprofile DIN 5481<\/a><\/li>\n<li><a href=\"https:\/\/wiemers.de\/wp-content\/uploads\/2017\/01\/Zahnnaben-DIN-5482.pdf\">Zahnnabenprofile DIN 5482<\/a><\/li>\n<\/ul>\n<p>&nbsp;<\/p>\n<p>&nbsp;<\/p>\n<p>&nbsp;<\/p>\n<p>&nbsp;<\/p>\n<p>&nbsp;<\/p>\n<p>&nbsp;<\/p>\n<p>&nbsp;<\/p>\n<p>&nbsp;<\/p>\n<p>&nbsp;<\/p>\n<p>&nbsp;<\/p>\n<p>&nbsp;<\/p>\n<p>&nbsp;<\/p>\n<p>&nbsp;<\/p>\n<p>&nbsp;<\/p>\n","protected":false},"excerpt":{"rendered":"<p>AGB&#8217;s, Datenbl\u00e4tter Sicherheitsdatenblatt R\u00e4um\u00f6l Lieferbedingungen f\u00fcr R\u00e4umarbeiten Werkzeuglisten Vierkantprofile Sechskantprofile Keilnabenprofile DIN 5463 \/ ISO 14 Keilnabehprofile DIN 5464 Keilnabehprofile DIN 5471 Keilnabenprofile DIN 5472 Zahnnaben DIN 5480 Kerbzahnnabenprofile DIN 5481 Zahnnabenprofile DIN 5482 &nbsp; &nbsp; &nbsp; &nbsp; &nbsp; &nbsp; &nbsp; &nbsp; &nbsp; &nbsp; &nbsp; &nbsp; &nbsp; &nbsp;<\/p>\n","protected":false},"author":1,"featured_media":0,"parent":0,"menu_order":3,"comment_status":"closed","ping_status":"closed","template":"fullwidth.php","meta":[],"_links":{"self":[{"href":"https:\/\/wiemers.de\/index.php?rest_route=\/wp\/v2\/pages\/26"}],"collection":[{"href":"https:\/\/wiemers.de\/index.php?rest_route=\/wp\/v2\/pages"}],"about":[{"href":"https:\/\/wiemers.de\/index.php?rest_route=\/wp\/v2\/types\/page"}],"author":[{"embeddable":true,"href":"https:\/\/wiemers.de\/index.php?rest_route=\/wp\/v2\/users\/1"}],"replies":[{"embeddable":true,"href":"https:\/\/wiemers.de\/index.php?rest_route=%2Fwp%2Fv2%2Fcomments&post=26"}],"version-history":[{"count":13,"href":"https:\/\/wiemers.de\/index.php?rest_route=\/wp\/v2\/pages\/26\/revisions"}],"predecessor-version":[{"id":308,"href":"https:\/\/wiemers.de\/index.php?rest_route=\/wp\/v2\/pages\/26\/revisions\/308"}],"wp:attachment":[{"href":"https:\/\/wiemers.de\/index.php?rest_route=%2Fwp%2Fv2%2Fmedia&parent=26"}],"curies":[{"name":"wp","href":"https:\/\/api.w.org\/{rel}","templated":true}]}}