{"id":173,"date":"2016-11-08T10:15:26","date_gmt":"2016-11-08T10:15:26","guid":{"rendered":"http:\/\/wiemers.de\/?page_id=173"},"modified":"2022-10-20T08:58:43","modified_gmt":"2022-10-20T08:58:43","slug":"raeumen","status":"publish","type":"page","link":"https:\/\/wiemers.de\/?page_id=173","title":{"rendered":"R\u00e4umen"},"content":{"rendered":"<h4>Was ist R\u00e4umen und wo wird es eingesetzt?<\/h4>\n<p>Das R\u00e4umen ist ein spanabhebendes Fertigungsverfahren bei dem ein R\u00e4umwerkzeug mit einer Vielzahl hintereinander liegenden Schneidz\u00e4hnen eine Innen- bzw. Aussenkontur formt.<\/p>\n<p>Schneidengeometrie, Zahnsteigung (Staffelung) und Teilung sind u. a. von Material und R\u00e4uml\u00e4nge abh\u00e4ngig und m\u00fcssen entsprechend, teilespezifisch, bei der Konstruktion eines R\u00e4umwerkzeuges bestimmt werden.<\/p>\n<p>Die hintereinander liegenden Schneiden sind jeweils um die Spandicke gestaffelt. Der \u201eVorschub pro Zahn\u201c ist also im Werkzeug integriert und somit unab\u00e4nderlich.<\/p>\n<p>Bei konventionellen R\u00e4ummaschinen f\u00fchrt meist das Werkzeug eine geradlinige Relativbewegung zum Werkst\u00fcck aus.<\/p>\n<ul>\n<li>beim Innenr\u00e4umen wird das R\u00e4umwerkzeug durch das Werkst\u00fcck gezogen bzw. gedr\u00fcckt.<\/li>\n<li>beim Aussenr\u00e4umen wird das Werkzeug am feststehenden Werkst\u00fcck vorbeigezogen oder das Werkst\u00fcck durch einen Tubus gedr\u00fcckt (Tubus- oder Topfr\u00e4umen)<\/li>\n<\/ul>\n<p>Heutzutage kommen auch immer mehr Hubtischmaschinen zum Einsatz bei denen das R\u00e4umwerkzeug fest steht und das Werkst\u00fcck die Bewegung ausf\u00fchrt.<\/p>\n<p>Das Anwendungsgebiet des R\u00e4umens ist weit verzweigt. Es erstreckt sich vom R\u00e4umen einer einfachen Keilnute in einem Kettenrad bis hin zum Au\u00dfenr\u00e4umen von sogenannten \u201eTannenzapfen\u201c-Profilen\u201c an Turbinenschaufeln.<\/p>\n<p>R\u00e4umen eignet sich besonders f\u00fcr die Herstellung gro\u00dfer St\u00fcckzahlen bei sicherer Einhaltung der Ma\u00dftoleranzen bei einer hohen Oberfl\u00e4cheng\u00fcte.<\/p>\n<p>Die beim R\u00e4umen erreichbaren Qualit\u00e4ten liegen in den ISO Toleranzfeldern IT7 bis IT9.<\/p>\n<p>Die Oberfl\u00e4chenqualit\u00e4ten variieren zwischen R<sub>t<\/sub> = 1,6 bis 25 \u00b5m.<\/p>\n<p>In <span style=\"text-decoration: underline;\"><strong><a href=\"https:\/\/wiemers.de\/?page_id=26\">Downloadbereich<\/a><\/strong><\/span> finden Sie Werkzeuglisten in PDF-Form von den bei uns zur Verf\u00fcgung stehenden R\u00e4umwerkzeugen\/-profilen.<\/p>\n<p>Dar\u00fcber hinaus k\u00f6nnen Sie\u00a0 die <span style=\"text-decoration: underline;\"><strong><a href=\"https:\/\/wiemers.de\/?page_id=195\">Werkzeuglisten<\/a><\/strong><\/span> auch online durchsuchen.<\/p>\n","protected":false},"excerpt":{"rendered":"<p>Was ist R\u00e4umen und wo wird es eingesetzt? Das R\u00e4umen ist ein spanabhebendes Fertigungsverfahren bei dem ein R\u00e4umwerkzeug mit einer Vielzahl hintereinander liegenden Schneidz\u00e4hnen eine Innen- bzw. Aussenkontur formt. Schneidengeometrie, Zahnsteigung (Staffelung) und Teilung sind u. a. von Material und R\u00e4uml\u00e4nge abh\u00e4ngig und m\u00fcssen entsprechend, teilespezifisch, bei der Konstruktion eines<a href=\"https:\/\/wiemers.de\/?page_id=173\" class=\"read-more\">Lesen Sie mehr &#8230;<\/a><\/p>\n","protected":false},"author":1,"featured_media":0,"parent":0,"menu_order":0,"comment_status":"closed","ping_status":"closed","template":"fullwidth.php","meta":[],"_links":{"self":[{"href":"https:\/\/wiemers.de\/index.php?rest_route=\/wp\/v2\/pages\/173"}],"collection":[{"href":"https:\/\/wiemers.de\/index.php?rest_route=\/wp\/v2\/pages"}],"about":[{"href":"https:\/\/wiemers.de\/index.php?rest_route=\/wp\/v2\/types\/page"}],"author":[{"embeddable":true,"href":"https:\/\/wiemers.de\/index.php?rest_route=\/wp\/v2\/users\/1"}],"replies":[{"embeddable":true,"href":"https:\/\/wiemers.de\/index.php?rest_route=%2Fwp%2Fv2%2Fcomments&post=173"}],"version-history":[{"count":10,"href":"https:\/\/wiemers.de\/index.php?rest_route=\/wp\/v2\/pages\/173\/revisions"}],"predecessor-version":[{"id":484,"href":"https:\/\/wiemers.de\/index.php?rest_route=\/wp\/v2\/pages\/173\/revisions\/484"}],"wp:attachment":[{"href":"https:\/\/wiemers.de\/index.php?rest_route=%2Fwp%2Fv2%2Fmedia&parent=173"}],"curies":[{"name":"wp","href":"https:\/\/api.w.org\/{rel}","templated":true}]}}