{"id":120,"date":"2017-10-12T13:54:56","date_gmt":"2017-10-12T13:54:56","guid":{"rendered":"http:\/\/wiemers.de\/?page_id=120"},"modified":"2022-01-03T15:48:12","modified_gmt":"2022-01-03T15:48:12","slug":"maschinenhandel","status":"publish","type":"page","link":"https:\/\/wiemers.de\/?page_id=120","title":{"rendered":"Maschinenhandel"},"content":{"rendered":"<p>Als Werkzeugmaschinenhandel sind wir Ihr Ansprechpartner im Bereich des An- und Verkaufs sowie der Vermittlung von Werkzeugmaschinen. Bei uns finden Sie Nutenziehmaschinen, R\u00e4ummaschinen, S\u00e4ulenbohrmaschinen, Werkzeugfr\u00e4smaschinen, Drehmaschinen, Bohrersch\u00e4rfmaschinen und Gewindeschneidmaschinen, um nur einige Produkte zu nennen.<\/p>\n<p>Der Schwerpunkt liegt seit einigen Jahren im Bereich des Handels mit R\u00e4ummaschinen sowie entsprechendem Zubeh\u00f6r.<\/p>\n<h2>\u00dcber folgenden Link gelangen Sie zu unserer Webseite f\u00fcr den Maschinenhandel <a href=\"http:\/\/www.wiemers.ag\">https:\/\/www.wiemers.ag\/<\/a><\/h2>\n\n\n<p><\/p>\n","protected":false},"excerpt":{"rendered":"<p>Als Werkzeugmaschinenhandel sind wir Ihr Ansprechpartner im Bereich des An- und Verkaufs sowie der Vermittlung von Werkzeugmaschinen. Bei uns finden Sie Nutenziehmaschinen, R\u00e4ummaschinen, S\u00e4ulenbohrmaschinen, Werkzeugfr\u00e4smaschinen, Drehmaschinen, Bohrersch\u00e4rfmaschinen und Gewindeschneidmaschinen, um nur einige Produkte zu nennen. Der Schwerpunkt liegt seit einigen Jahren im Bereich des Handels mit R\u00e4ummaschinen sowie entsprechendem Zubeh\u00f6r.<a href=\"https:\/\/wiemers.de\/?page_id=120\" class=\"read-more\">Lesen Sie mehr &#8230;<\/a><\/p>\n","protected":false},"author":1,"featured_media":92,"parent":0,"menu_order":0,"comment_status":"closed","ping_status":"closed","template":"","meta":[],"_links":{"self":[{"href":"https:\/\/wiemers.de\/index.php?rest_route=\/wp\/v2\/pages\/120"}],"collection":[{"href":"https:\/\/wiemers.de\/index.php?rest_route=\/wp\/v2\/pages"}],"about":[{"href":"https:\/\/wiemers.de\/index.php?rest_route=\/wp\/v2\/types\/page"}],"author":[{"embeddable":true,"href":"https:\/\/wiemers.de\/index.php?rest_route=\/wp\/v2\/users\/1"}],"replies":[{"embeddable":true,"href":"https:\/\/wiemers.de\/index.php?rest_route=%2Fwp%2Fv2%2Fcomments&post=120"}],"version-history":[{"count":13,"href":"https:\/\/wiemers.de\/index.php?rest_route=\/wp\/v2\/pages\/120\/revisions"}],"predecessor-version":[{"id":476,"href":"https:\/\/wiemers.de\/index.php?rest_route=\/wp\/v2\/pages\/120\/revisions\/476"}],"wp:featuredmedia":[{"embeddable":true,"href":"https:\/\/wiemers.de\/index.php?rest_route=\/wp\/v2\/media\/92"}],"wp:attachment":[{"href":"https:\/\/wiemers.de\/index.php?rest_route=%2Fwp%2Fv2%2Fmedia&parent=120"}],"curies":[{"name":"wp","href":"https:\/\/api.w.org\/{rel}","templated":true}]}}